{"id":932,"date":"2025-10-21T08:24:40","date_gmt":"2025-10-21T06:24:40","guid":{"rendered":"https:\/\/kranex.ba\/?page_id=932"},"modified":"2025-10-21T10:43:17","modified_gmt":"2025-10-21T08:43:17","slug":"vage","status":"publish","type":"page","link":"https:\/\/kranex.ba\/index.php\/vage\/","title":{"rendered":"Vage"},"content":{"rendered":"<style>.elementor-932 .elementor-element.elementor-element-0eaa96a:not(.elementor-motion-effects-element-type-background), .elementor-932 .elementor-element.elementor-element-0eaa96a > .elementor-motion-effects-container > .elementor-motion-effects-layer{background-image:url(\"https:\/\/kranex.ba\/wp-content\/uploads\/2025\/10\/vage.jpg\");background-position:center center;background-repeat:no-repeat;background-size:cover;}.elementor-932 .elementor-element.elementor-element-0eaa96a > .elementor-background-overlay{background-color:var( --e-global-color-cb4193c );opacity:0.85;transition:background 0.3s, border-radius 0.3s, opacity 0.3s;}.elementor-932 .elementor-element.elementor-element-0eaa96a{transition:background 0.3s, border 0.3s, border-radius 0.3s, box-shadow 0.3s;margin-top:-85px;margin-bottom:0px;padding:100px 0px 100px 0px;z-index:1;}.elementor-932 .elementor-element.elementor-element-8636603 > .elementor-element-populated{padding:10% 20% 0% 0%;}.elementor-932 .elementor-element.elementor-element-5ef06da{width:var( --container-widget-width, 70% );max-width:70%;--container-widget-width:70%;--container-widget-flex-grow:0;}.elementor-932 .elementor-element.elementor-element-5ef06da .elementor-heading-title{font-family:\"Epilogue\", Sans-serif;font-size:52px;font-weight:600;line-height:65px;letter-spacing:-1.5px;color:var( --e-global-color-text );}.elementor-932 .elementor-element.elementor-element-abc372e{--divider-border-style:solid;--divider-color:var( --e-global-color-eee846c );--divider-border-width:1px;}.elementor-932 .elementor-element.elementor-element-abc372e .elementor-divider-separator{width:100%;}.elementor-932 .elementor-element.elementor-element-abc372e .elementor-divider{padding-block-start:2px;padding-block-end:2px;}.elementor-932 .elementor-element.elementor-element-b0cbba6{padding:100px 0px 120px 0px;}.elementor-932 .elementor-element.elementor-element-ca214d3 > .elementor-widget-wrap > .elementor-widget:not(.elementor-widget__width-auto):not(.elementor-widget__width-initial):not(:last-child):not(.elementor-absolute){--kit-widget-spacing:10px;}.elementor-932 .elementor-element.elementor-element-ca214d3 > .elementor-element-populated{padding:0px 40px 0px 0px;}.elementor-932 .elementor-element.elementor-element-2092a2b{width:auto;max-width:auto;background-color:var( --e-global-color-primary );padding:4px 12px 4px 12px;}.elementor-932 .elementor-element.elementor-element-2092a2b .elementor-heading-title{color:var( --e-global-color-text );}.elementor-932 .elementor-element.elementor-element-e4cea21{width:var( --container-widget-width, 100% );max-width:100%;margin:25px 0px calc(var(--kit-widget-spacing, 0px) + 0px) 0px;--container-widget-width:100%;--container-widget-flex-grow:0;}.elementor-932 .elementor-element.elementor-element-e4cea21 .elementor-heading-title{font-size:36px;line-height:44px;}.elementor-932 .elementor-element.elementor-element-695d095{margin:0px 0px calc(var(--kit-widget-spacing, 0px) + 0px) 0px;text-align:justify;}.elementor-932 .elementor-element.elementor-element-695d095 p{margin-block-end:10px;}.elementor-932 .elementor-element.elementor-element-e9183ac{margin:0px 0px calc(var(--kit-widget-spacing, 0px) + 0px) 0px;text-align:justify;}.elementor-932 .elementor-element.elementor-element-e9183ac p{margin-block-end:8px;}.elementor-932 .elementor-element.elementor-element-c8d52a9{margin:0px 0px calc(var(--kit-widget-spacing, 0px) + 0px) 0px;text-align:justify;}.elementor-932 .elementor-element.elementor-element-c8d52a9 p{margin-block-end:8px;}.elementor-932 .elementor-element.elementor-element-7d9e48b .elementor-button:hover, .elementor-932 .elementor-element.elementor-element-7d9e48b .elementor-button:focus{background-color:#F1AA00;color:#ECEAEA;}.elementor-932 .elementor-element.elementor-element-7d9e48b{padding:30px 0px 0px 0px;}.elementor-932 .elementor-element.elementor-element-7d9e48b .elementor-button{fill:var( --e-global-color-text );color:var( --e-global-color-text );}.elementor-932 .elementor-element.elementor-element-7d9e48b .elementor-button:hover svg, .elementor-932 .elementor-element.elementor-element-7d9e48b .elementor-button:focus svg{fill:#ECEAEA;}.elementor-932 .elementor-element.elementor-element-8fb7c47 > .elementor-element-populated{padding:0px 0px 0px 40px;}.elementor-932 .elementor-element.elementor-element-680e873{text-align:right;}.elementor-932 .elementor-element.elementor-element-26b50f8{margin:20px 0px calc(var(--kit-widget-spacing, 0px) + 0px) 0px;}.elementor-932 .elementor-element.elementor-element-e7903b5{padding:0px 0px 0px 0px;--e-icon-list-icon-size:16px;--icon-vertical-offset:0px;}.elementor-932 .elementor-element.elementor-element-e7903b5 .elementor-icon-list-items:not(.elementor-inline-items) .elementor-icon-list-item:not(:last-child){padding-block-end:calc(10px\/2);}.elementor-932 .elementor-element.elementor-element-e7903b5 .elementor-icon-list-items:not(.elementor-inline-items) .elementor-icon-list-item:not(:first-child){margin-block-start:calc(10px\/2);}.elementor-932 .elementor-element.elementor-element-e7903b5 .elementor-icon-list-items.elementor-inline-items .elementor-icon-list-item{margin-inline:calc(10px\/2);}.elementor-932 .elementor-element.elementor-element-e7903b5 .elementor-icon-list-items.elementor-inline-items{margin-inline:calc(-10px\/2);}.elementor-932 .elementor-element.elementor-element-e7903b5 .elementor-icon-list-items.elementor-inline-items .elementor-icon-list-item:after{inset-inline-end:calc(-10px\/2);}.elementor-932 .elementor-element.elementor-element-e7903b5 .elementor-icon-list-icon i{color:var( --e-global-color-primary );transition:color 0.3s;}.elementor-932 .elementor-element.elementor-element-e7903b5 .elementor-icon-list-icon svg{fill:var( --e-global-color-primary );transition:fill 0.3s;}.elementor-932 .elementor-element.elementor-element-e7903b5 .elementor-icon-list-icon{padding-inline-end:10px;}.elementor-932 .elementor-element.elementor-element-e7903b5 .elementor-icon-list-item > .elementor-icon-list-text, .elementor-932 .elementor-element.elementor-element-e7903b5 .elementor-icon-list-item > a{font-family:\"Epilogue\", Sans-serif;font-size:21px;font-weight:600;line-height:30px;letter-spacing:0px;}.elementor-932 .elementor-element.elementor-element-e7903b5 .elementor-icon-list-text{color:var( --e-global-color-secondary );transition:color 0.3s;}.elementor-932 .elementor-element.elementor-element-e7903b5 .elementor-icon-list-item:hover .elementor-icon-list-text{color:var( --e-global-color-primary );}@media(min-width:768px){.elementor-932 .elementor-element.elementor-element-ca214d3{width:65%;}.elementor-932 .elementor-element.elementor-element-8fb7c47{width:35%;}}@media(max-width:1024px){.elementor-932 .elementor-element.elementor-element-0eaa96a{margin-top:-54px;margin-bottom:0px;padding:0px 20px 20px 20px;}.elementor-932 .elementor-element.elementor-element-8636603 > .elementor-element-populated{padding:15% 8% 0% 0%;}.elementor-932 .elementor-element.elementor-element-5ef06da .elementor-heading-title{font-size:58px;line-height:68px;letter-spacing:-1px;}.elementor-932 .elementor-element.elementor-element-b0cbba6{padding:60px 20px 60px 20px;}.elementor-932 .elementor-element.elementor-element-ca214d3 > .elementor-element-populated{padding:0px 40px 0px 0px;}.elementor-932 .elementor-element.elementor-element-695d095{margin:0px 0px calc(var(--kit-widget-spacing, 0px) + 20px) 0px;}.elementor-932 .elementor-element.elementor-element-e9183ac{margin:0px 0px calc(var(--kit-widget-spacing, 0px) + 20px) 0px;}.elementor-932 .elementor-element.elementor-element-c8d52a9{margin:0px 0px calc(var(--kit-widget-spacing, 0px) + 20px) 0px;}.elementor-932 .elementor-element.elementor-element-8fb7c47 > .elementor-element-populated{padding:0px 0px 0px 0px;}}@media(max-width:767px){.elementor-932 .elementor-element.elementor-element-0eaa96a:not(.elementor-motion-effects-element-type-background), .elementor-932 .elementor-element.elementor-element-0eaa96a > .elementor-motion-effects-container > .elementor-motion-effects-layer{background-position:center center;}.elementor-932 .elementor-element.elementor-element-0eaa96a{margin-top:-114px;margin-bottom:0px;padding:0px 20px 20px 20px;}.elementor-932 .elementor-element.elementor-element-8636603 > .elementor-element-populated{margin:0px 0px 0px 0px;--e-column-margin-right:0px;--e-column-margin-left:0px;padding:130px 0px 0px 0px;}.elementor-932 .elementor-element.elementor-element-5ef06da{width:100%;max-width:100%;margin:0px 0px calc(var(--kit-widget-spacing, 0px) + 0px) 0px;padding:0px 0px 0px 0px;}.elementor-932 .elementor-element.elementor-element-5ef06da .elementor-heading-title{font-size:24px;line-height:35px;letter-spacing:0px;}.elementor-932 .elementor-element.elementor-element-b0cbba6{padding:40px 20px 40px 20px;}.elementor-932 .elementor-element.elementor-element-ca214d3 > .elementor-element-populated{padding:0px 0px 40px 0px;}.elementor-932 .elementor-element.elementor-element-2092a2b .elementor-heading-title{font-size:12px;}.elementor-932 .elementor-element.elementor-element-e4cea21{width:100%;max-width:100%;}.elementor-932 .elementor-element.elementor-element-e4cea21 .elementor-heading-title{font-size:26px;line-height:1.2em;}.elementor-932 .elementor-element.elementor-element-695d095{font-size:16px;}.elementor-932 .elementor-element.elementor-element-e9183ac{font-size:16px;}.elementor-932 .elementor-element.elementor-element-c8d52a9{text-align:justify;}.elementor-932 .elementor-element.elementor-element-7d9e48b{padding:0px 0px 0px 0px;}.elementor-932 .elementor-element.elementor-element-8fb7c47 > .elementor-element-populated{padding:0px 0px 80px 0px;}.elementor-932 .elementor-element.elementor-element-e7903b5{padding:0px 0px 0px 0px;}.elementor-932 .elementor-element.elementor-element-e7903b5 .elementor-icon-list-item > .elementor-icon-list-text, .elementor-932 .elementor-element.elementor-element-e7903b5 .elementor-icon-list-item > a{font-size:18px;line-height:1.2em;}}<\/style>\t\t<div data-elementor-type=\"wp-page\" data-elementor-id=\"932\" class=\"elementor elementor-932\" data-elementor-post-type=\"page\">\n\t\t\t\t\t\t<section class=\"elementor-section elementor-top-section elementor-element elementor-element-0eaa96a elementor-section-boxed elementor-section-height-default elementor-section-height-default elementor-invisible\" data-id=\"0eaa96a\" data-element_type=\"section\" data-settings=\"{&quot;background_background&quot;:&quot;classic&quot;,&quot;animation&quot;:&quot;fadeIn&quot;}\">\n\t\t\t\t\t\t\t<div class=\"elementor-background-overlay\"><\/div>\n\t\t\t\t\t\t\t<div class=\"elementor-container elementor-column-gap-default\">\n\t\t\t\t\t<div class=\"elementor-column elementor-col-100 elementor-top-column elementor-element elementor-element-8636603\" data-id=\"8636603\" data-element_type=\"column\">\n\t\t\t<div class=\"elementor-widget-wrap elementor-element-populated\">\n\t\t\t\t\t\t<div class=\"elementor-element elementor-element-5ef06da elementor-widget__width-initial elementor-widget-mobile__width-inherit elementor-invisible elementor-widget elementor-widget-heading\" data-id=\"5ef06da\" data-element_type=\"widget\" data-settings=\"{&quot;_animation&quot;:&quot;fadeIn&quot;}\" data-widget_type=\"heading.default\">\n\t\t\t\t\t<h1 class=\"elementor-heading-title elementor-size-default\">Vage<\/h1>\t\t\t\t<\/div>\n\t\t\t\t<div class=\"elementor-element elementor-element-abc372e elementor-widget-divider--view-line elementor-invisible elementor-widget elementor-widget-divider\" data-id=\"abc372e\" data-element_type=\"widget\" data-settings=\"{&quot;_animation&quot;:&quot;fadeIn&quot;}\" data-widget_type=\"divider.default\">\n\t\t\t\t\t\t\t<div class=\"elementor-divider\">\n\t\t\t<span class=\"elementor-divider-separator\">\n\t\t\t\t\t\t<\/span>\n\t\t<\/div>\n\t\t\t\t\t\t<\/div>\n\t\t\t\t\t<\/div>\n\t\t<\/div>\n\t\t\t\t\t<\/div>\n\t\t<\/section>\n\t\t\t\t<section class=\"elementor-section elementor-top-section elementor-element elementor-element-b0cbba6 elementor-section-boxed elementor-section-height-default elementor-section-height-default\" data-id=\"b0cbba6\" data-element_type=\"section\">\n\t\t\t\t\t\t<div class=\"elementor-container elementor-column-gap-default\">\n\t\t\t\t\t<div class=\"elementor-column elementor-col-50 elementor-top-column elementor-element elementor-element-ca214d3\" data-id=\"ca214d3\" data-element_type=\"column\">\n\t\t\t<div class=\"elementor-widget-wrap elementor-element-populated\">\n\t\t\t\t\t\t<div class=\"elementor-element elementor-element-2092a2b elementor-widget__width-auto elementor-invisible elementor-widget elementor-widget-heading\" data-id=\"2092a2b\" data-element_type=\"widget\" data-settings=\"{&quot;_animation&quot;:&quot;fadeIn&quot;}\" data-widget_type=\"heading.default\">\n\t\t\t\t\t<h6 class=\"elementor-heading-title elementor-size-default\">Vage<\/h6>\t\t\t\t<\/div>\n\t\t\t\t<div class=\"elementor-element elementor-element-e4cea21 elementor-widget__width-initial elementor-widget-mobile__width-inherit elementor-invisible elementor-widget elementor-widget-heading\" data-id=\"e4cea21\" data-element_type=\"widget\" data-settings=\"{&quot;_animation&quot;:&quot;fadeIn&quot;}\" data-widget_type=\"heading.default\">\n\t\t\t\t\t<h1 class=\"elementor-heading-title elementor-size-default\">Digitalne vage za dizalice: preciznost i pouzdanost\n<\/h1>\t\t\t\t<\/div>\n\t\t\t\t<div class=\"elementor-element elementor-element-695d095 elementor-invisible elementor-widget elementor-widget-text-editor\" data-id=\"695d095\" data-element_type=\"widget\" data-settings=\"{&quot;_animation&quot;:&quot;fadeIn&quot;}\" data-widget_type=\"text-editor.default\">\n\t\t\t\t\t\t\t\t\t<p data-start=\"411\" data-end=\"682\"><strong data-start=\"411\" data-end=\"441\">Digitalne vage za dizalice<\/strong> predstavljaju neophodan alat za <strong data-start=\"474\" data-end=\"502\">precizno mjerenje tereta<\/strong> u industrijskim i gra\u0111evinskim procesima. Montiraju se direktno na kuku dizalice i omogu\u0107avaju ta\u010dno vaganje tereta tokom podizanja, uz maksimalnu pouzdanost i sigurnost u radu.<\/p>\t\t\t\t\t\t\t\t<\/div>\n\t\t\t\t<div class=\"elementor-element elementor-element-e9183ac elementor-invisible elementor-widget elementor-widget-text-editor\" data-id=\"e9183ac\" data-element_type=\"widget\" data-settings=\"{&quot;_animation&quot;:&quot;fadeIn&quot;}\" data-widget_type=\"text-editor.default\">\n\t\t\t\t\t\t\t\t\t<h6 data-start=\"1074\" data-end=\"1111\"><strong>Klju\u010dne karakteristike<\/strong><\/h6><ul><li data-start=\"713\" data-end=\"819\"><p data-start=\"715\" data-end=\"819\"><strong data-start=\"715\" data-end=\"745\">Visoka preciznost mjerenja<\/strong> \u2013 ta\u010dnost do <strong data-start=\"759\" data-end=\"767\">0.1%<\/strong>, idealna za kontrolu te\u017eine pri svakom podizanju.<\/p><\/li><li data-start=\"820\" data-end=\"968\"><p data-start=\"822\" data-end=\"968\"><strong data-start=\"822\" data-end=\"845\">Dugotrajna baterija<\/strong> \u2013 omogu\u0107ava <strong data-start=\"858\" data-end=\"887\">neprekidan rad do 24 sata<\/strong>, uz indikator napunjenosti i automatsko ga\u0161enje displeja radi u\u0161tede energije.<\/p><\/li><li data-start=\"969\" data-end=\"1070\"><p data-start=\"971\" data-end=\"1070\"><strong data-start=\"971\" data-end=\"996\">Daljinsko upravljanje<\/strong> \u2013 domet do <strong data-start=\"1008\" data-end=\"1021\">30 metara<\/strong> pru\u017ea potpunu slobodu i sigurnost operaterima.<\/p><\/li><li data-start=\"1071\" data-end=\"1165\"><p data-start=\"1073\" data-end=\"1165\"><strong data-start=\"1073\" data-end=\"1095\">Funkcija tariranja<\/strong> \u2013 omogu\u0107ava jednostavno umjeravanje i maksimalnu ta\u010dnost rezultata.<\/p><\/li><li data-start=\"1166\" data-end=\"1291\"><p data-start=\"1168\" data-end=\"1291\"><strong data-start=\"1168\" data-end=\"1192\">Pouzdana elektronika<\/strong> \u2013 integrisani prijemnik signala i kvalitetna konstrukcija osiguravaju stabilan i dugotrajan rad.<\/p><\/li><\/ul>\t\t\t\t\t\t\t\t<\/div>\n\t\t\t\t<div class=\"elementor-element elementor-element-c8d52a9 elementor-invisible elementor-widget elementor-widget-text-editor\" data-id=\"c8d52a9\" data-element_type=\"widget\" data-settings=\"{&quot;_animation&quot;:&quot;fadeIn&quot;}\" data-widget_type=\"text-editor.default\">\n\t\t\t\t\t\t\t\t\t<h6 data-start=\"1074\" data-end=\"1111\"><strong>Prednosti<\/strong><\/h6><ul data-start=\"1309\" data-end=\"1500\"><li data-start=\"1309\" data-end=\"1358\"><p data-start=\"1311\" data-end=\"1358\">Precizno i sigurno mjerenje u realnom vremenu<\/p><\/li><li data-start=\"1359\" data-end=\"1397\"><p data-start=\"1361\" data-end=\"1397\">Jednostavno rukovanje i odr\u017eavanje<\/p><\/li><li data-start=\"1398\" data-end=\"1442\"><p data-start=\"1400\" data-end=\"1442\">Energetska efikasnost i dugi radni vijek<\/p><\/li><li data-start=\"1443\" data-end=\"1500\"><p data-start=\"1445\" data-end=\"1500\">Fleksibilnost primjene u svim industrijskim sektorima<\/p><\/li><\/ul><p data-start=\"1502\" data-end=\"1651\"><strong data-start=\"1502\" data-end=\"1532\">Digitalne vage za dizalice<\/strong> omogu\u0107avaju kontrolisano i sigurno rukovanje teretima, pove\u0107avaju\u0107i produktivnost i ta\u010dnost industrijskih operacija.<\/p>\t\t\t\t\t\t\t\t<\/div>\n\t\t\t\t<div class=\"elementor-element elementor-element-7d9e48b elementor-widget elementor-widget-button\" data-id=\"7d9e48b\" data-element_type=\"widget\" data-widget_type=\"button.default\">\n\t\t\t\t\t\t\t\t\t\t<a class=\"elementor-button elementor-button-link elementor-size-sm\" href=\"https:\/\/kranex.ba\/wp-content\/uploads\/2025\/10\/Katalog-vage.pdf\">\n\t\t\t\t\t\t<span class=\"elementor-button-content-wrapper\">\n\t\t\t\t\t\t\t\t\t<span class=\"elementor-button-text\">Preuzmi katalog<\/span>\n\t\t\t\t\t<\/span>\n\t\t\t\t\t<\/a>\n\t\t\t\t\t\t\t\t<\/div>\n\t\t\t\t\t<\/div>\n\t\t<\/div>\n\t\t\t\t<div class=\"elementor-column elementor-col-50 elementor-top-column elementor-element elementor-element-8fb7c47\" data-id=\"8fb7c47\" data-element_type=\"column\">\n\t\t\t<div class=\"elementor-widget-wrap elementor-element-populated\">\n\t\t\t\t\t\t<div class=\"elementor-element elementor-element-680e873 elementor-invisible elementor-widget elementor-widget-image\" data-id=\"680e873\" data-element_type=\"widget\" data-settings=\"{&quot;_animation&quot;:&quot;fadeIn&quot;}\" data-widget_type=\"image.default\">\n\t\t\t\t\t\t\t\t\t\t\t\t\t\t\t<img fetchpriority=\"high\" decoding=\"async\" width=\"1200\" height=\"800\" src=\"https:\/\/kranex.ba\/wp-content\/uploads\/2025\/10\/Lancane-dizalice.jpg\" class=\"attachment-full size-full wp-image-901\" alt=\"\" srcset=\"https:\/\/kranex.ba\/wp-content\/uploads\/2025\/10\/Lancane-dizalice.jpg 1200w, https:\/\/kranex.ba\/wp-content\/uploads\/2025\/10\/Lancane-dizalice-300x200.jpg 300w, https:\/\/kranex.ba\/wp-content\/uploads\/2025\/10\/Lancane-dizalice-1024x683.jpg 1024w, https:\/\/kranex.ba\/wp-content\/uploads\/2025\/10\/Lancane-dizalice-768x512.jpg 768w\" sizes=\"(max-width: 1200px) 100vw, 1200px\" \/>\t\t\t\t\t\t\t\t\t\t\t\t\t\t\t<\/div>\n\t\t\t\t<div class=\"elementor-element elementor-element-26b50f8 elementor-invisible elementor-widget elementor-widget-heading\" data-id=\"26b50f8\" data-element_type=\"widget\" data-settings=\"{&quot;_animation&quot;:&quot;fadeIn&quot;}\" data-widget_type=\"heading.default\">\n\t\t\t\t\t<h6 class=\"elementor-heading-title elementor-size-default\">Ostala oprema<\/h6>\t\t\t\t<\/div>\n\t\t\t\t<div class=\"elementor-element elementor-element-e7903b5 elementor-icon-list--layout-traditional elementor-list-item-link-full_width elementor-invisible elementor-widget elementor-widget-icon-list\" data-id=\"e7903b5\" data-element_type=\"widget\" data-settings=\"{&quot;_animation&quot;:&quot;fadeIn&quot;}\" data-widget_type=\"icon-list.default\">\n\t\t\t\t\t\t\t<ul class=\"elementor-icon-list-items\">\n\t\t\t\t\t\t\t<li class=\"elementor-icon-list-item\">\n\t\t\t\t\t\t\t\t\t\t\t<a href=\"https:\/\/kranex.ba\/index.php\/lancane-dizalice\/\">\n\n\t\t\t\t\t\t\t\t\t\t\t\t<span class=\"elementor-icon-list-icon\">\n\t\t\t\t\t\t\t<i aria-hidden=\"true\" class=\"icon icon-right-arrow\"><\/i>\t\t\t\t\t\t<\/span>\n\t\t\t\t\t\t\t\t\t\t<span class=\"elementor-icon-list-text\">Lan\u010dane dizalice<\/span>\n\t\t\t\t\t\t\t\t\t\t\t<\/a>\n\t\t\t\t\t\t\t\t\t<\/li>\n\t\t\t\t\t\t\t\t<li class=\"elementor-icon-list-item\">\n\t\t\t\t\t\t\t\t\t\t\t<a href=\"https:\/\/kranex.ba\/index.php\/uzetne-dizalice\/\">\n\n\t\t\t\t\t\t\t\t\t\t\t\t<span class=\"elementor-icon-list-icon\">\n\t\t\t\t\t\t\t<i aria-hidden=\"true\" class=\"icon icon-right-arrow\"><\/i>\t\t\t\t\t\t<\/span>\n\t\t\t\t\t\t\t\t\t\t<span class=\"elementor-icon-list-text\">U\u017eetne dizalice<\/span>\n\t\t\t\t\t\t\t\t\t\t\t<\/a>\n\t\t\t\t\t\t\t\t\t<\/li>\n\t\t\t\t\t\t\t\t<li class=\"elementor-icon-list-item\">\n\t\t\t\t\t\t\t\t\t\t\t<a href=\"https:\/\/kranex.ba\/index.php\/kuke-i-koturace\/\">\n\n\t\t\t\t\t\t\t\t\t\t\t\t<span class=\"elementor-icon-list-icon\">\n\t\t\t\t\t\t\t<i aria-hidden=\"true\" class=\"icon icon-right-arrow\"><\/i>\t\t\t\t\t\t<\/span>\n\t\t\t\t\t\t\t\t\t\t<span class=\"elementor-icon-list-text\">Kuke i kotura\u010de<\/span>\n\t\t\t\t\t\t\t\t\t\t\t<\/a>\n\t\t\t\t\t\t\t\t\t<\/li>\n\t\t\t\t\t\t\t\t<li class=\"elementor-icon-list-item\">\n\t\t\t\t\t\t\t\t\t\t\t<a href=\"https:\/\/kranex.ba\/index.php\/traverze-i-privezni-sistemi\/\">\n\n\t\t\t\t\t\t\t\t\t\t\t\t<span class=\"elementor-icon-list-icon\">\n\t\t\t\t\t\t\t<i aria-hidden=\"true\" class=\"icon icon-right-arrow\"><\/i>\t\t\t\t\t\t<\/span>\n\t\t\t\t\t\t\t\t\t\t<span class=\"elementor-icon-list-text\">Hvataljke tereta<\/span>\n\t\t\t\t\t\t\t\t\t\t\t<\/a>\n\t\t\t\t\t\t\t\t\t<\/li>\n\t\t\t\t\t\t\t\t<li class=\"elementor-icon-list-item\">\n\t\t\t\t\t\t\t\t\t\t\t<a href=\"https:\/\/kranex.ba\/index.php\/magneti\/\">\n\n\t\t\t\t\t\t\t\t\t\t\t\t<span class=\"elementor-icon-list-icon\">\n\t\t\t\t\t\t\t<i aria-hidden=\"true\" class=\"icon icon-right-arrow\"><\/i>\t\t\t\t\t\t<\/span>\n\t\t\t\t\t\t\t\t\t\t<span class=\"elementor-icon-list-text\">Magneti<\/span>\n\t\t\t\t\t\t\t\t\t\t\t<\/a>\n\t\t\t\t\t\t\t\t\t<\/li>\n\t\t\t\t\t\t\t\t<li class=\"elementor-icon-list-item\">\n\t\t\t\t\t\t\t\t\t\t\t<a href=\"https:\/\/kranex.ba\/index.php\/radio-komande\/\">\n\n\t\t\t\t\t\t\t\t\t\t\t\t<span class=\"elementor-icon-list-icon\">\n\t\t\t\t\t\t\t<i aria-hidden=\"true\" class=\"icon icon-right-arrow\"><\/i>\t\t\t\t\t\t<\/span>\n\t\t\t\t\t\t\t\t\t\t<span class=\"elementor-icon-list-text\">Radio komande<\/span>\n\t\t\t\t\t\t\t\t\t\t\t<\/a>\n\t\t\t\t\t\t\t\t\t<\/li>\n\t\t\t\t\t\t\t\t<li class=\"elementor-icon-list-item\">\n\t\t\t\t\t\t\t\t\t\t\t<a href=\"https:\/\/kranex.ba\/index.php\/protiv-preopterecenja\/\">\n\n\t\t\t\t\t\t\t\t\t\t\t\t<span class=\"elementor-icon-list-icon\">\n\t\t\t\t\t\t\t<i aria-hidden=\"true\" class=\"icon icon-right-arrow\"><\/i>\t\t\t\t\t\t<\/span>\n\t\t\t\t\t\t\t\t\t\t<span class=\"elementor-icon-list-text\">Protiv preoptere\u0107enja<\/span>\n\t\t\t\t\t\t\t\t\t\t\t<\/a>\n\t\t\t\t\t\t\t\t\t<\/li>\n\t\t\t\t\t\t<\/ul>\n\t\t\t\t\t\t<\/div>\n\t\t\t\t\t<\/div>\n\t\t<\/div>\n\t\t\t\t\t<\/div>\n\t\t<\/section>\n\t\t\t\t<\/div>\n\t\t","protected":false},"excerpt":{"rendered":"<p>Vage Vage Digitalne vage za dizalice: preciznost i pouzdanost Digitalne vage za dizalice predstavljaju neophodan alat za precizno mjerenje tereta u industrijskim i gra\u0111evinskim procesima. Montiraju se direktno na kuku dizalice i omogu\u0107avaju ta\u010dno vaganje tereta tokom podizanja, uz maksimalnu pouzdanost i sigurnost u radu. Klju\u010dne karakteristike Visoka preciznost mjerenja \u2013 ta\u010dnost do 0.1%, idealna [&hellip;]<\/p>\n","protected":false},"author":1,"featured_media":0,"parent":0,"menu_order":0,"comment_status":"closed","ping_status":"closed","template":"elementor_header_footer","meta":{"footnotes":""},"class_list":["post-932","page","type-page","status-publish","hentry"],"_links":{"self":[{"href":"https:\/\/kranex.ba\/index.php\/wp-json\/wp\/v2\/pages\/932","targetHints":{"allow":["GET"]}}],"collection":[{"href":"https:\/\/kranex.ba\/index.php\/wp-json\/wp\/v2\/pages"}],"about":[{"href":"https:\/\/kranex.ba\/index.php\/wp-json\/wp\/v2\/types\/page"}],"author":[{"embeddable":true,"href":"https:\/\/kranex.ba\/index.php\/wp-json\/wp\/v2\/users\/1"}],"replies":[{"embeddable":true,"href":"https:\/\/kranex.ba\/index.php\/wp-json\/wp\/v2\/comments?post=932"}],"version-history":[{"count":4,"href":"https:\/\/kranex.ba\/index.php\/wp-json\/wp\/v2\/pages\/932\/revisions"}],"predecessor-version":[{"id":1010,"href":"https:\/\/kranex.ba\/index.php\/wp-json\/wp\/v2\/pages\/932\/revisions\/1010"}],"wp:attachment":[{"href":"https:\/\/kranex.ba\/index.php\/wp-json\/wp\/v2\/media?parent=932"}],"curies":[{"name":"wp","href":"https:\/\/api.w.org\/{rel}","templated":true}]}}