{"id":924,"date":"2025-10-21T08:23:48","date_gmt":"2025-10-21T06:23:48","guid":{"rendered":"https:\/\/kranex.ba\/?page_id=924"},"modified":"2025-10-24T07:45:07","modified_gmt":"2025-10-24T05:45:07","slug":"traverze-i-privezni-sistemi","status":"publish","type":"page","link":"https:\/\/kranex.ba\/index.php\/traverze-i-privezni-sistemi\/","title":{"rendered":"Traverze i privezni sistemi"},"content":{"rendered":"<style>.elementor-924 .elementor-element.elementor-element-36d379f:not(.elementor-motion-effects-element-type-background), .elementor-924 .elementor-element.elementor-element-36d379f > .elementor-motion-effects-container > .elementor-motion-effects-layer{background-image:url(\"https:\/\/kranex.ba\/wp-content\/uploads\/2025\/10\/Hvataljke-tereta.jpg\");background-position:center center;background-repeat:no-repeat;background-size:cover;}.elementor-924 .elementor-element.elementor-element-36d379f > .elementor-background-overlay{background-color:var( --e-global-color-cb4193c );opacity:0.85;transition:background 0.3s, border-radius 0.3s, opacity 0.3s;}.elementor-924 .elementor-element.elementor-element-36d379f{transition:background 0.3s, border 0.3s, border-radius 0.3s, box-shadow 0.3s;margin-top:-85px;margin-bottom:0px;padding:100px 0px 100px 0px;z-index:1;}.elementor-924 .elementor-element.elementor-element-c622e61 > .elementor-element-populated{padding:10% 20% 0% 0%;}.elementor-924 .elementor-element.elementor-element-adda32b{width:var( --container-widget-width, 80% );max-width:80%;--container-widget-width:80%;--container-widget-flex-grow:0;}.elementor-924 .elementor-element.elementor-element-adda32b .elementor-heading-title{font-family:\"Epilogue\", Sans-serif;font-size:52px;font-weight:600;line-height:65px;letter-spacing:-1.5px;color:var( --e-global-color-text );}.elementor-924 .elementor-element.elementor-element-8ddfbbc{--divider-border-style:solid;--divider-color:var( --e-global-color-eee846c );--divider-border-width:1px;}.elementor-924 .elementor-element.elementor-element-8ddfbbc .elementor-divider-separator{width:100%;}.elementor-924 .elementor-element.elementor-element-8ddfbbc .elementor-divider{padding-block-start:2px;padding-block-end:2px;}.elementor-924 .elementor-element.elementor-element-c26e8ac{padding:100px 0px 120px 0px;}.elementor-924 .elementor-element.elementor-element-b1cebe1 > .elementor-widget-wrap > .elementor-widget:not(.elementor-widget__width-auto):not(.elementor-widget__width-initial):not(:last-child):not(.elementor-absolute){--kit-widget-spacing:10px;}.elementor-924 .elementor-element.elementor-element-b1cebe1 > .elementor-element-populated{padding:0px 40px 0px 0px;}.elementor-924 .elementor-element.elementor-element-18c1ccd{width:auto;max-width:auto;background-color:var( --e-global-color-primary );padding:4px 12px 4px 12px;}.elementor-924 .elementor-element.elementor-element-18c1ccd .elementor-heading-title{color:var( --e-global-color-text );}.elementor-924 .elementor-element.elementor-element-dfe712e{width:var( --container-widget-width, 81% );max-width:81%;margin:25px 0px calc(var(--kit-widget-spacing, 0px) + 0px) 0px;--container-widget-width:81%;--container-widget-flex-grow:0;}.elementor-924 .elementor-element.elementor-element-dfe712e .elementor-heading-title{font-size:36px;line-height:44px;}.elementor-924 .elementor-element.elementor-element-7c63cd7{margin:0px 0px calc(var(--kit-widget-spacing, 0px) + 0px) 0px;text-align:justify;}.elementor-924 .elementor-element.elementor-element-7c63cd7 p{margin-block-end:10px;}.elementor-924 .elementor-element.elementor-element-b6fe622{margin:0px 0px calc(var(--kit-widget-spacing, 0px) + 0px) 0px;text-align:justify;}.elementor-924 .elementor-element.elementor-element-b6fe622 p{margin-block-end:8px;}.elementor-924 .elementor-element.elementor-element-51f0d53{margin:0px 0px calc(var(--kit-widget-spacing, 0px) + 0px) 0px;text-align:justify;}.elementor-924 .elementor-element.elementor-element-51f0d53 p{margin-block-end:8px;}.elementor-924 .elementor-element.elementor-element-a399f2d{margin:0px 0px calc(var(--kit-widget-spacing, 0px) + 0px) 0px;text-align:justify;}.elementor-924 .elementor-element.elementor-element-a399f2d p{margin-block-end:8px;}.elementor-924 .elementor-element.elementor-element-eef0d43 > .elementor-element-populated{padding:0px 0px 0px 40px;}.elementor-924 .elementor-element.elementor-element-ccee0f0{text-align:right;}.elementor-924 .elementor-element.elementor-element-cae94fd{margin:20px 0px calc(var(--kit-widget-spacing, 0px) + 0px) 0px;}.elementor-924 .elementor-element.elementor-element-0063640{padding:0px 0px 0px 0px;--e-icon-list-icon-size:16px;--icon-vertical-offset:0px;}.elementor-924 .elementor-element.elementor-element-0063640 .elementor-icon-list-items:not(.elementor-inline-items) .elementor-icon-list-item:not(:last-child){padding-block-end:calc(10px\/2);}.elementor-924 .elementor-element.elementor-element-0063640 .elementor-icon-list-items:not(.elementor-inline-items) .elementor-icon-list-item:not(:first-child){margin-block-start:calc(10px\/2);}.elementor-924 .elementor-element.elementor-element-0063640 .elementor-icon-list-items.elementor-inline-items .elementor-icon-list-item{margin-inline:calc(10px\/2);}.elementor-924 .elementor-element.elementor-element-0063640 .elementor-icon-list-items.elementor-inline-items{margin-inline:calc(-10px\/2);}.elementor-924 .elementor-element.elementor-element-0063640 .elementor-icon-list-items.elementor-inline-items .elementor-icon-list-item:after{inset-inline-end:calc(-10px\/2);}.elementor-924 .elementor-element.elementor-element-0063640 .elementor-icon-list-icon i{color:var( --e-global-color-primary );transition:color 0.3s;}.elementor-924 .elementor-element.elementor-element-0063640 .elementor-icon-list-icon svg{fill:var( --e-global-color-primary );transition:fill 0.3s;}.elementor-924 .elementor-element.elementor-element-0063640 .elementor-icon-list-icon{padding-inline-end:10px;}.elementor-924 .elementor-element.elementor-element-0063640 .elementor-icon-list-item > .elementor-icon-list-text, .elementor-924 .elementor-element.elementor-element-0063640 .elementor-icon-list-item > a{font-family:\"Epilogue\", Sans-serif;font-size:21px;font-weight:600;line-height:30px;letter-spacing:0px;}.elementor-924 .elementor-element.elementor-element-0063640 .elementor-icon-list-text{color:var( --e-global-color-secondary );transition:color 0.3s;}.elementor-924 .elementor-element.elementor-element-0063640 .elementor-icon-list-item:hover .elementor-icon-list-text{color:var( --e-global-color-primary );}@media(min-width:768px){.elementor-924 .elementor-element.elementor-element-b1cebe1{width:65%;}.elementor-924 .elementor-element.elementor-element-eef0d43{width:35%;}}@media(max-width:1024px){.elementor-924 .elementor-element.elementor-element-36d379f{margin-top:-54px;margin-bottom:0px;padding:0px 20px 20px 20px;}.elementor-924 .elementor-element.elementor-element-c622e61 > .elementor-element-populated{padding:15% 8% 0% 0%;}.elementor-924 .elementor-element.elementor-element-adda32b .elementor-heading-title{font-size:58px;line-height:68px;letter-spacing:-1px;}.elementor-924 .elementor-element.elementor-element-c26e8ac{padding:60px 20px 60px 20px;}.elementor-924 .elementor-element.elementor-element-b1cebe1 > .elementor-element-populated{padding:0px 40px 0px 0px;}.elementor-924 .elementor-element.elementor-element-7c63cd7{margin:0px 0px calc(var(--kit-widget-spacing, 0px) + 20px) 0px;}.elementor-924 .elementor-element.elementor-element-b6fe622{margin:0px 0px calc(var(--kit-widget-spacing, 0px) + 20px) 0px;}.elementor-924 .elementor-element.elementor-element-51f0d53{margin:0px 0px calc(var(--kit-widget-spacing, 0px) + 20px) 0px;}.elementor-924 .elementor-element.elementor-element-a399f2d{margin:0px 0px calc(var(--kit-widget-spacing, 0px) + 20px) 0px;}.elementor-924 .elementor-element.elementor-element-eef0d43 > .elementor-element-populated{padding:0px 0px 0px 0px;}}@media(max-width:767px){.elementor-924 .elementor-element.elementor-element-36d379f:not(.elementor-motion-effects-element-type-background), .elementor-924 .elementor-element.elementor-element-36d379f > .elementor-motion-effects-container > .elementor-motion-effects-layer{background-position:center center;}.elementor-924 .elementor-element.elementor-element-36d379f{margin-top:-114px;margin-bottom:0px;padding:0px 20px 20px 20px;}.elementor-924 .elementor-element.elementor-element-c622e61 > .elementor-element-populated{margin:0px 0px 0px 0px;--e-column-margin-right:0px;--e-column-margin-left:0px;padding:130px 0px 0px 0px;}.elementor-924 .elementor-element.elementor-element-adda32b{width:100%;max-width:100%;margin:0px 0px calc(var(--kit-widget-spacing, 0px) + 0px) 0px;padding:0px 0px 0px 0px;}.elementor-924 .elementor-element.elementor-element-adda32b .elementor-heading-title{font-size:24px;line-height:35px;letter-spacing:0px;}.elementor-924 .elementor-element.elementor-element-c26e8ac{padding:40px 20px 40px 20px;}.elementor-924 .elementor-element.elementor-element-b1cebe1 > .elementor-element-populated{padding:0px 0px 40px 0px;}.elementor-924 .elementor-element.elementor-element-18c1ccd .elementor-heading-title{font-size:12px;}.elementor-924 .elementor-element.elementor-element-dfe712e{width:100%;max-width:100%;}.elementor-924 .elementor-element.elementor-element-dfe712e .elementor-heading-title{font-size:26px;line-height:1.2em;}.elementor-924 .elementor-element.elementor-element-7c63cd7{font-size:16px;}.elementor-924 .elementor-element.elementor-element-b6fe622{font-size:16px;}.elementor-924 .elementor-element.elementor-element-51f0d53{text-align:justify;}.elementor-924 .elementor-element.elementor-element-a399f2d{text-align:justify;}.elementor-924 .elementor-element.elementor-element-eef0d43 > .elementor-element-populated{padding:0px 0px 80px 0px;}.elementor-924 .elementor-element.elementor-element-0063640{padding:0px 0px 0px 0px;}.elementor-924 .elementor-element.elementor-element-0063640 .elementor-icon-list-item > .elementor-icon-list-text, .elementor-924 .elementor-element.elementor-element-0063640 .elementor-icon-list-item > a{font-size:18px;line-height:1.2em;}}<\/style>\t\t<div data-elementor-type=\"wp-page\" data-elementor-id=\"924\" class=\"elementor elementor-924\" data-elementor-post-type=\"page\">\n\t\t\t\t\t\t<section class=\"elementor-section elementor-top-section elementor-element elementor-element-36d379f elementor-section-boxed elementor-section-height-default elementor-section-height-default elementor-invisible\" data-id=\"36d379f\" data-element_type=\"section\" data-settings=\"{&quot;background_background&quot;:&quot;classic&quot;,&quot;animation&quot;:&quot;fadeIn&quot;}\">\n\t\t\t\t\t\t\t<div class=\"elementor-background-overlay\"><\/div>\n\t\t\t\t\t\t\t<div class=\"elementor-container elementor-column-gap-default\">\n\t\t\t\t\t<div class=\"elementor-column elementor-col-100 elementor-top-column elementor-element elementor-element-c622e61\" data-id=\"c622e61\" data-element_type=\"column\">\n\t\t\t<div class=\"elementor-widget-wrap elementor-element-populated\">\n\t\t\t\t\t\t<div class=\"elementor-element elementor-element-adda32b elementor-widget__width-initial elementor-widget-mobile__width-inherit elementor-invisible elementor-widget elementor-widget-heading\" data-id=\"adda32b\" data-element_type=\"widget\" data-settings=\"{&quot;_animation&quot;:&quot;fadeIn&quot;}\" data-widget_type=\"heading.default\">\n\t\t\t\t\t<h1 class=\"elementor-heading-title elementor-size-default\">Traverze i privezni sistemi<\/h1>\t\t\t\t<\/div>\n\t\t\t\t<div class=\"elementor-element elementor-element-8ddfbbc elementor-widget-divider--view-line elementor-invisible elementor-widget elementor-widget-divider\" data-id=\"8ddfbbc\" data-element_type=\"widget\" data-settings=\"{&quot;_animation&quot;:&quot;fadeIn&quot;}\" data-widget_type=\"divider.default\">\n\t\t\t\t\t\t\t<div class=\"elementor-divider\">\n\t\t\t<span class=\"elementor-divider-separator\">\n\t\t\t\t\t\t<\/span>\n\t\t<\/div>\n\t\t\t\t\t\t<\/div>\n\t\t\t\t\t<\/div>\n\t\t<\/div>\n\t\t\t\t\t<\/div>\n\t\t<\/section>\n\t\t\t\t<section class=\"elementor-section elementor-top-section elementor-element elementor-element-c26e8ac elementor-section-boxed elementor-section-height-default elementor-section-height-default\" data-id=\"c26e8ac\" data-element_type=\"section\">\n\t\t\t\t\t\t<div class=\"elementor-container elementor-column-gap-default\">\n\t\t\t\t\t<div class=\"elementor-column elementor-col-50 elementor-top-column elementor-element elementor-element-b1cebe1\" data-id=\"b1cebe1\" data-element_type=\"column\">\n\t\t\t<div class=\"elementor-widget-wrap elementor-element-populated\">\n\t\t\t\t\t\t<div class=\"elementor-element elementor-element-18c1ccd elementor-widget__width-auto elementor-invisible elementor-widget elementor-widget-heading\" data-id=\"18c1ccd\" data-element_type=\"widget\" data-settings=\"{&quot;_animation&quot;:&quot;fadeIn&quot;}\" data-widget_type=\"heading.default\">\n\t\t\t\t\t<h6 class=\"elementor-heading-title elementor-size-default\">Traverze i privezni sistemi<\/h6>\t\t\t\t<\/div>\n\t\t\t\t<div class=\"elementor-element elementor-element-dfe712e elementor-widget__width-initial elementor-widget-mobile__width-inherit elementor-invisible elementor-widget elementor-widget-heading\" data-id=\"dfe712e\" data-element_type=\"widget\" data-settings=\"{&quot;_animation&quot;:&quot;fadeIn&quot;}\" data-widget_type=\"heading.default\">\n\t\t\t\t\t<h1 class=\"elementor-heading-title elementor-size-default\">Sveobuhvatna oprema za preuzimanje tereta\n<\/h1>\t\t\t\t<\/div>\n\t\t\t\t<div class=\"elementor-element elementor-element-7c63cd7 elementor-invisible elementor-widget elementor-widget-text-editor\" data-id=\"7c63cd7\" data-element_type=\"widget\" data-settings=\"{&quot;_animation&quot;:&quot;fadeIn&quot;}\" data-widget_type=\"text-editor.default\">\n\t\t\t\t\t\t\t\t\t<p data-start=\"398\" data-end=\"603\">Pored industrijskih dizalica, nudimo i kompletnu opremu za <strong data-start=\"457\" data-end=\"502\">sigurno preuzimanje i manipulaciju tereta<\/strong>, uklju\u010duju\u0107i \u0161irok izbor <strong data-start=\"528\" data-end=\"552\">hvataljki (grajpera)<\/strong> prilago\u0111enih razli\u010ditim industrijskim potrebama.<\/p>\t\t\t\t\t\t\t\t<\/div>\n\t\t\t\t<div class=\"elementor-element elementor-element-b6fe622 elementor-invisible elementor-widget elementor-widget-text-editor\" data-id=\"b6fe622\" data-element_type=\"widget\" data-settings=\"{&quot;_animation&quot;:&quot;fadeIn&quot;}\" data-widget_type=\"text-editor.default\">\n\t\t\t\t\t\t\t\t\t<h6 data-start=\"1074\" data-end=\"1111\"><strong>Pasivni gajperi<\/strong><\/h6><p data-start=\"628\" data-end=\"751\"><strong data-start=\"628\" data-end=\"648\">Pasivni grajperi<\/strong> ne zahtijevaju dodatne izvore energije, \u0161to ih \u010dini jednostavnim i pouzdanim rje\u0161enjem. U ponudi su:<\/p><ul data-start=\"752\" data-end=\"1112\"><li data-start=\"752\" data-end=\"844\"><p data-start=\"754\" data-end=\"844\"><strong data-start=\"754\" data-end=\"787\">Teretna u\u017ead i lanci s kukama<\/strong> \u2013 za sigurno podizanje tereta razli\u010ditih oblika i masa<\/p><\/li><li data-start=\"845\" data-end=\"932\"><p data-start=\"847\" data-end=\"932\"><strong data-start=\"847\" data-end=\"868\">Nosa\u010di i traverze<\/strong> \u2013 za ravnomjernu raspodjelu optere\u0107enja i stabilnost pri radu<\/p><\/li><li data-start=\"933\" data-end=\"1017\"><p data-start=\"935\" data-end=\"1017\"><strong data-start=\"935\" data-end=\"961\">\u201cC\u201d kuke za rolne lima<\/strong> \u2013 specijalizovane za rukovanje te\u0161kim metalnim rolama<\/p><\/li><li data-start=\"1018\" data-end=\"1112\"><p data-start=\"1020\" data-end=\"1112\"><strong data-start=\"1020\" data-end=\"1044\">Industrijska klje\u0161ta<\/strong> \u2013 standardna i specijalizovana, za precizno i bezbjedno rukovanje<\/p><\/li><\/ul>\t\t\t\t\t\t\t\t<\/div>\n\t\t\t\t<div class=\"elementor-element elementor-element-51f0d53 elementor-invisible elementor-widget elementor-widget-text-editor\" data-id=\"51f0d53\" data-element_type=\"widget\" data-settings=\"{&quot;_animation&quot;:&quot;fadeIn&quot;}\" data-widget_type=\"text-editor.default\">\n\t\t\t\t\t\t\t\t\t<h6 data-start=\"1074\" data-end=\"1111\"><strong>Aktivni gajperi<\/strong><\/h6><p data-start=\"1137\" data-end=\"1248\">Za zahtjevnije procese nudimo <strong data-start=\"1167\" data-end=\"1187\">aktivne grajpere<\/strong> koji koriste elektri\u010dne, hidrauli\u010dke ili magnetne sisteme:<\/p><ul data-start=\"1249\" data-end=\"1511\"><li data-start=\"1249\" data-end=\"1312\"><p data-start=\"1251\" data-end=\"1312\"><strong data-start=\"1251\" data-end=\"1272\">Vakumski grajperi<\/strong> \u2013 idealni za staklo, metal i plastiku<\/p><\/li><li data-start=\"1313\" data-end=\"1395\"><p data-start=\"1315\" data-end=\"1395\"><strong data-start=\"1315\" data-end=\"1343\">Elektromagnetni grajperi<\/strong> \u2013 za feromagnetne materijale i metalnu industriju<\/p><\/li><li data-start=\"1396\" data-end=\"1511\"><p data-start=\"1398\" data-end=\"1511\"><strong data-start=\"1398\" data-end=\"1442\">Elektrohidrauli\u010dka i hidrauli\u010dka klje\u0161ta<\/strong> \u2013 za precizno podizanje te\u0161kih tereta u gra\u0111evinarstvu i rudarstvu<\/p><\/li><\/ul>\t\t\t\t\t\t\t\t<\/div>\n\t\t\t\t<div class=\"elementor-element elementor-element-a399f2d elementor-invisible elementor-widget elementor-widget-text-editor\" data-id=\"a399f2d\" data-element_type=\"widget\" data-settings=\"{&quot;_animation&quot;:&quot;fadeIn&quot;}\" data-widget_type=\"text-editor.default\">\n\t\t\t\t\t\t\t\t\t<h6 data-start=\"1074\" data-end=\"1111\"><strong>Dovod energije<\/strong><\/h6><p data-start=\"1534\" data-end=\"1712\">Za napajanje aktivnih grajpera koristimo <strong data-start=\"1575\" data-end=\"1602\">AKAPP kabelske bubnjeve<\/strong>, koji osiguravaju <strong data-start=\"1621\" data-end=\"1661\">pouzdan i kontinuiran dovod energije<\/strong>, \u010dak i u najzahtjevnijim industrijskim uslovima.<\/p><p data-start=\"1714\" data-end=\"1894\">Na\u0161a <strong data-start=\"1719\" data-end=\"1762\">rje\u0161enja za hvatanje i podizanje tereta<\/strong> kombiniraju sigurnost, preciznost i dugotrajnost, pru\u017eaju\u0107i maksimalnu kontrolu i efikasnost u svakoj fazi industrijskog procesa.<\/p>\t\t\t\t\t\t\t\t<\/div>\n\t\t\t\t\t<\/div>\n\t\t<\/div>\n\t\t\t\t<div class=\"elementor-column elementor-col-50 elementor-top-column elementor-element elementor-element-eef0d43\" data-id=\"eef0d43\" data-element_type=\"column\">\n\t\t\t<div class=\"elementor-widget-wrap elementor-element-populated\">\n\t\t\t\t\t\t<div class=\"elementor-element elementor-element-ccee0f0 elementor-invisible elementor-widget elementor-widget-image\" data-id=\"ccee0f0\" data-element_type=\"widget\" data-settings=\"{&quot;_animation&quot;:&quot;fadeIn&quot;}\" data-widget_type=\"image.default\">\n\t\t\t\t\t\t\t\t\t\t\t\t\t\t\t<img fetchpriority=\"high\" decoding=\"async\" width=\"1200\" height=\"800\" src=\"https:\/\/kranex.ba\/wp-content\/uploads\/2025\/10\/Hvataljke-tereta.jpg\" class=\"attachment-full size-full wp-image-905\" alt=\"\" srcset=\"https:\/\/kranex.ba\/wp-content\/uploads\/2025\/10\/Hvataljke-tereta.jpg 1200w, https:\/\/kranex.ba\/wp-content\/uploads\/2025\/10\/Hvataljke-tereta-300x200.jpg 300w, https:\/\/kranex.ba\/wp-content\/uploads\/2025\/10\/Hvataljke-tereta-1024x683.jpg 1024w, https:\/\/kranex.ba\/wp-content\/uploads\/2025\/10\/Hvataljke-tereta-768x512.jpg 768w\" sizes=\"(max-width: 1200px) 100vw, 1200px\" \/>\t\t\t\t\t\t\t\t\t\t\t\t\t\t\t<\/div>\n\t\t\t\t<div class=\"elementor-element elementor-element-cae94fd elementor-invisible elementor-widget elementor-widget-heading\" data-id=\"cae94fd\" data-element_type=\"widget\" data-settings=\"{&quot;_animation&quot;:&quot;fadeIn&quot;}\" data-widget_type=\"heading.default\">\n\t\t\t\t\t<h6 class=\"elementor-heading-title elementor-size-default\">Ostala oprema<\/h6>\t\t\t\t<\/div>\n\t\t\t\t<div class=\"elementor-element elementor-element-0063640 elementor-icon-list--layout-traditional elementor-list-item-link-full_width elementor-invisible elementor-widget elementor-widget-icon-list\" data-id=\"0063640\" data-element_type=\"widget\" data-settings=\"{&quot;_animation&quot;:&quot;fadeIn&quot;}\" data-widget_type=\"icon-list.default\">\n\t\t\t\t\t\t\t<ul class=\"elementor-icon-list-items\">\n\t\t\t\t\t\t\t<li class=\"elementor-icon-list-item\">\n\t\t\t\t\t\t\t\t\t\t\t<a href=\"https:\/\/kranex.ba\/index.php\/lancane-dizalice\/\">\n\n\t\t\t\t\t\t\t\t\t\t\t\t<span class=\"elementor-icon-list-icon\">\n\t\t\t\t\t\t\t<i aria-hidden=\"true\" class=\"icon icon-right-arrow\"><\/i>\t\t\t\t\t\t<\/span>\n\t\t\t\t\t\t\t\t\t\t<span class=\"elementor-icon-list-text\">Lan\u010dane dizalice<\/span>\n\t\t\t\t\t\t\t\t\t\t\t<\/a>\n\t\t\t\t\t\t\t\t\t<\/li>\n\t\t\t\t\t\t\t\t<li class=\"elementor-icon-list-item\">\n\t\t\t\t\t\t\t\t\t\t\t<a href=\"https:\/\/kranex.ba\/index.php\/uzetne-dizalice\/\">\n\n\t\t\t\t\t\t\t\t\t\t\t\t<span class=\"elementor-icon-list-icon\">\n\t\t\t\t\t\t\t<i aria-hidden=\"true\" class=\"icon icon-right-arrow\"><\/i>\t\t\t\t\t\t<\/span>\n\t\t\t\t\t\t\t\t\t\t<span class=\"elementor-icon-list-text\">U\u017eetne dizalice<\/span>\n\t\t\t\t\t\t\t\t\t\t\t<\/a>\n\t\t\t\t\t\t\t\t\t<\/li>\n\t\t\t\t\t\t\t\t<li class=\"elementor-icon-list-item\">\n\t\t\t\t\t\t\t\t\t\t\t<a href=\"https:\/\/kranex.ba\/index.php\/kuke-i-koturace\/\">\n\n\t\t\t\t\t\t\t\t\t\t\t\t<span class=\"elementor-icon-list-icon\">\n\t\t\t\t\t\t\t<i aria-hidden=\"true\" class=\"icon icon-right-arrow\"><\/i>\t\t\t\t\t\t<\/span>\n\t\t\t\t\t\t\t\t\t\t<span class=\"elementor-icon-list-text\">Kuke i kotura\u010de<\/span>\n\t\t\t\t\t\t\t\t\t\t\t<\/a>\n\t\t\t\t\t\t\t\t\t<\/li>\n\t\t\t\t\t\t\t\t<li class=\"elementor-icon-list-item\">\n\t\t\t\t\t\t\t\t\t\t\t<a href=\"https:\/\/kranex.ba\/index.php\/magneti\/\">\n\n\t\t\t\t\t\t\t\t\t\t\t\t<span class=\"elementor-icon-list-icon\">\n\t\t\t\t\t\t\t<i aria-hidden=\"true\" class=\"icon icon-right-arrow\"><\/i>\t\t\t\t\t\t<\/span>\n\t\t\t\t\t\t\t\t\t\t<span class=\"elementor-icon-list-text\">Magneti<\/span>\n\t\t\t\t\t\t\t\t\t\t\t<\/a>\n\t\t\t\t\t\t\t\t\t<\/li>\n\t\t\t\t\t\t\t\t<li class=\"elementor-icon-list-item\">\n\t\t\t\t\t\t\t\t\t\t\t<a href=\"https:\/\/kranex.ba\/index.php\/radio-komande\/\">\n\n\t\t\t\t\t\t\t\t\t\t\t\t<span class=\"elementor-icon-list-icon\">\n\t\t\t\t\t\t\t<i aria-hidden=\"true\" class=\"icon icon-right-arrow\"><\/i>\t\t\t\t\t\t<\/span>\n\t\t\t\t\t\t\t\t\t\t<span class=\"elementor-icon-list-text\">Radio komande<\/span>\n\t\t\t\t\t\t\t\t\t\t\t<\/a>\n\t\t\t\t\t\t\t\t\t<\/li>\n\t\t\t\t\t\t\t\t<li class=\"elementor-icon-list-item\">\n\t\t\t\t\t\t\t\t\t\t\t<a href=\"https:\/\/kranex.ba\/index.php\/protiv-preopterecenja\/\">\n\n\t\t\t\t\t\t\t\t\t\t\t\t<span class=\"elementor-icon-list-icon\">\n\t\t\t\t\t\t\t<i aria-hidden=\"true\" class=\"icon icon-right-arrow\"><\/i>\t\t\t\t\t\t<\/span>\n\t\t\t\t\t\t\t\t\t\t<span class=\"elementor-icon-list-text\">Protiv preoptere\u0107enja<\/span>\n\t\t\t\t\t\t\t\t\t\t\t<\/a>\n\t\t\t\t\t\t\t\t\t<\/li>\n\t\t\t\t\t\t\t\t<li class=\"elementor-icon-list-item\">\n\t\t\t\t\t\t\t\t\t\t\t<a href=\"https:\/\/kranex.ba\/index.php\/vage\/\">\n\n\t\t\t\t\t\t\t\t\t\t\t\t<span class=\"elementor-icon-list-icon\">\n\t\t\t\t\t\t\t<i aria-hidden=\"true\" class=\"icon icon-right-arrow\"><\/i>\t\t\t\t\t\t<\/span>\n\t\t\t\t\t\t\t\t\t\t<span class=\"elementor-icon-list-text\">Vage<\/span>\n\t\t\t\t\t\t\t\t\t\t\t<\/a>\n\t\t\t\t\t\t\t\t\t<\/li>\n\t\t\t\t\t\t<\/ul>\n\t\t\t\t\t\t<\/div>\n\t\t\t\t\t<\/div>\n\t\t<\/div>\n\t\t\t\t\t<\/div>\n\t\t<\/section>\n\t\t\t\t<\/div>\n\t\t","protected":false},"excerpt":{"rendered":"<p>Traverze i privezni sistemi Traverze i privezni sistemi Sveobuhvatna oprema za preuzimanje tereta Pored industrijskih dizalica, nudimo i kompletnu opremu za sigurno preuzimanje i manipulaciju tereta, uklju\u010duju\u0107i \u0161irok izbor hvataljki (grajpera) prilago\u0111enih razli\u010ditim industrijskim potrebama. Pasivni gajperi Pasivni grajperi ne zahtijevaju dodatne izvore energije, \u0161to ih \u010dini jednostavnim i pouzdanim rje\u0161enjem. U ponudi su: Teretna [&hellip;]<\/p>\n","protected":false},"author":1,"featured_media":0,"parent":0,"menu_order":0,"comment_status":"closed","ping_status":"closed","template":"elementor_header_footer","meta":{"footnotes":""},"class_list":["post-924","page","type-page","status-publish","hentry"],"_links":{"self":[{"href":"https:\/\/kranex.ba\/index.php\/wp-json\/wp\/v2\/pages\/924","targetHints":{"allow":["GET"]}}],"collection":[{"href":"https:\/\/kranex.ba\/index.php\/wp-json\/wp\/v2\/pages"}],"about":[{"href":"https:\/\/kranex.ba\/index.php\/wp-json\/wp\/v2\/types\/page"}],"author":[{"embeddable":true,"href":"https:\/\/kranex.ba\/index.php\/wp-json\/wp\/v2\/users\/1"}],"replies":[{"embeddable":true,"href":"https:\/\/kranex.ba\/index.php\/wp-json\/wp\/v2\/comments?post=924"}],"version-history":[{"count":8,"href":"https:\/\/kranex.ba\/index.php\/wp-json\/wp\/v2\/pages\/924\/revisions"}],"predecessor-version":[{"id":1070,"href":"https:\/\/kranex.ba\/index.php\/wp-json\/wp\/v2\/pages\/924\/revisions\/1070"}],"wp:attachment":[{"href":"https:\/\/kranex.ba\/index.php\/wp-json\/wp\/v2\/media?parent=924"}],"curies":[{"name":"wp","href":"https:\/\/api.w.org\/{rel}","templated":true}]}}