{"id":874,"date":"2025-10-15T12:38:58","date_gmt":"2025-10-15T10:38:58","guid":{"rendered":"https:\/\/kranex.ba\/?page_id=874"},"modified":"2025-10-15T12:56:23","modified_gmt":"2025-10-15T10:56:23","slug":"rekonstrukcija-i-modernizacija","status":"publish","type":"page","link":"https:\/\/kranex.ba\/index.php\/rekonstrukcija-i-modernizacija\/","title":{"rendered":"Rekonstrukcija i modernizacija"},"content":{"rendered":"<style>.elementor-874 .elementor-element.elementor-element-c48fa8c:not(.elementor-motion-effects-element-type-background), .elementor-874 .elementor-element.elementor-element-c48fa8c > .elementor-motion-effects-container > .elementor-motion-effects-layer{background-image:url(\"https:\/\/kranex.ba\/wp-content\/uploads\/2025\/10\/9-Viseca-diz-5t.jpg\");background-position:center center;background-repeat:no-repeat;background-size:cover;}.elementor-874 .elementor-element.elementor-element-c48fa8c > .elementor-background-overlay{background-color:var( --e-global-color-cb4193c );opacity:0.75;transition:background 0.3s, border-radius 0.3s, opacity 0.3s;}.elementor-874 .elementor-element.elementor-element-c48fa8c{transition:background 0.3s, border 0.3s, border-radius 0.3s, box-shadow 0.3s;margin-top:-85px;margin-bottom:0px;padding:100px 0px 100px 0px;z-index:1;}.elementor-874 .elementor-element.elementor-element-e791c9d > .elementor-element-populated{padding:10% 20% 0% 0%;}.elementor-874 .elementor-element.elementor-element-2badd01 .elementor-heading-title{font-family:\"Epilogue\", Sans-serif;font-size:52px;font-weight:600;line-height:88px;letter-spacing:-1.5px;color:var( --e-global-color-text );}.elementor-874 .elementor-element.elementor-element-b9f6fee{--divider-border-style:solid;--divider-color:var( --e-global-color-eee846c );--divider-border-width:1px;}.elementor-874 .elementor-element.elementor-element-b9f6fee .elementor-divider-separator{width:100%;}.elementor-874 .elementor-element.elementor-element-b9f6fee .elementor-divider{padding-block-start:2px;padding-block-end:2px;}.elementor-874 .elementor-element.elementor-element-6f2d304{padding:100px 0px 100px 0px;}.elementor-bc-flex-widget .elementor-874 .elementor-element.elementor-element-48d0465.elementor-column .elementor-widget-wrap{align-items:center;}.elementor-874 .elementor-element.elementor-element-48d0465.elementor-column.elementor-element[data-element_type=\"column\"] > .elementor-widget-wrap.elementor-element-populated{align-content:center;align-items:center;}.elementor-874 .elementor-element.elementor-element-48d0465 > .elementor-element-populated{padding:0px 50px 0px 0px;}.elementor-874 .elementor-element.elementor-element-41543ac{width:auto;max-width:auto;background-color:var( --e-global-color-primary );padding:4px 12px 4px 12px;}.elementor-874 .elementor-element.elementor-element-41543ac .elementor-heading-title{color:var( --e-global-color-text );}.elementor-874 .elementor-element.elementor-element-fccfc7e{width:var( --container-widget-width, 83% );max-width:83%;margin:20px 0px calc(var(--kit-widget-spacing, 0px) + 0px) 0px;--container-widget-width:83%;--container-widget-flex-grow:0;}.elementor-874 .elementor-element.elementor-element-fccfc7e .elementor-heading-title{font-size:36px;line-height:44px;}.elementor-874 .elementor-element.elementor-element-c3024ef{text-align:justify;}.elementor-874 .elementor-element.elementor-element-c3024ef p{margin-block-end:0px;}.elementor-874 .elementor-element.elementor-element-ae51e55 > .elementor-element-populated{padding:0px 0px 0px 50px;}.elementor-874 .elementor-element.elementor-element-38895ca{text-align:right;}.elementor-874 .elementor-element.elementor-element-66dc9426{padding:0px 0px 100px 0px;}.elementor-874 .elementor-element.elementor-element-3f94084 > .elementor-element-populated{padding:0px 0px 0px 0px;}.elementor-874 .elementor-element.elementor-element-728d09f0 .elementor-tab-title, .elementor-874 .elementor-element.elementor-element-728d09f0 .elementor-tab-title:before, .elementor-874 .elementor-element.elementor-element-728d09f0 .elementor-tab-title:after, .elementor-874 .elementor-element.elementor-element-728d09f0 .elementor-tab-content, .elementor-874 .elementor-element.elementor-element-728d09f0 .elementor-tabs-content-wrapper{border-width:1px;}.elementor-874 .elementor-element.elementor-element-728d09f0 .elementor-tab-mobile-title, .elementor-874 .elementor-element.elementor-element-728d09f0 .elementor-tab-desktop-title.elementor-active, .elementor-874 .elementor-element.elementor-element-728d09f0 .elementor-tab-title:before, .elementor-874 .elementor-element.elementor-element-728d09f0 .elementor-tab-title:after, .elementor-874 .elementor-element.elementor-element-728d09f0 .elementor-tab-content, .elementor-874 .elementor-element.elementor-element-728d09f0 .elementor-tabs-content-wrapper{border-color:var( --e-global-color-primary );}.elementor-874 .elementor-element.elementor-element-728d09f0 .elementor-tab-title, .elementor-874 .elementor-element.elementor-element-728d09f0 .elementor-tab-title a{color:var( --e-global-color-secondary );}.elementor-874 .elementor-element.elementor-element-728d09f0 .elementor-tab-title.elementor-active,\n\t\t\t\t\t .elementor-874 .elementor-element.elementor-element-728d09f0 .elementor-tab-title.elementor-active a{color:var( --e-global-color-primary );}.elementor-874 .elementor-element.elementor-element-728d09f0 .elementor-tab-title{font-family:var( --e-global-typography-6524214-font-family ), Sans-serif;font-size:var( --e-global-typography-6524214-font-size );font-weight:var( --e-global-typography-6524214-font-weight );text-transform:var( --e-global-typography-6524214-text-transform );line-height:var( --e-global-typography-6524214-line-height );letter-spacing:var( --e-global-typography-6524214-letter-spacing );}@media(max-width:1024px){.elementor-874 .elementor-element.elementor-element-c48fa8c{margin-top:-54px;margin-bottom:0px;padding:0px 20px 20px 20px;}.elementor-874 .elementor-element.elementor-element-e791c9d > .elementor-element-populated{padding:15% 8% 0% 0%;}.elementor-874 .elementor-element.elementor-element-2badd01 .elementor-heading-title{font-size:58px;line-height:68px;letter-spacing:-1px;}.elementor-874 .elementor-element.elementor-element-6f2d304{padding:60px 20px 60px 20px;}.elementor-874 .elementor-element.elementor-element-48d0465 > .elementor-element-populated{padding:0px 40px 0px 0px;}.elementor-874 .elementor-element.elementor-element-ae51e55 > .elementor-element-populated{padding:40px 0px 0px 40px;}.elementor-874 .elementor-element.elementor-element-66dc9426{padding:0px 20px 60px 20px;}.elementor-874 .elementor-element.elementor-element-728d09f0 .elementor-tab-title{font-size:var( --e-global-typography-6524214-font-size );line-height:var( --e-global-typography-6524214-line-height );letter-spacing:var( --e-global-typography-6524214-letter-spacing );}}@media(max-width:767px){.elementor-874 .elementor-element.elementor-element-c48fa8c:not(.elementor-motion-effects-element-type-background), .elementor-874 .elementor-element.elementor-element-c48fa8c > .elementor-motion-effects-container > .elementor-motion-effects-layer{background-position:center center;}.elementor-874 .elementor-element.elementor-element-c48fa8c{margin-top:-114px;margin-bottom:0px;padding:0px 20px 20px 20px;}.elementor-874 .elementor-element.elementor-element-e791c9d > .elementor-element-populated{padding:150px 0px 0px 0px;}.elementor-874 .elementor-element.elementor-element-2badd01 .elementor-heading-title{font-size:37px;line-height:44px;letter-spacing:0px;}.elementor-874 .elementor-element.elementor-element-6f2d304{padding:40px 20px 40px 20px;}.elementor-874 .elementor-element.elementor-element-48d0465 > .elementor-element-populated{padding:0px 0px 40px 0px;}.elementor-874 .elementor-element.elementor-element-fccfc7e .elementor-heading-title{font-size:29px;line-height:1.2em;}.elementor-874 .elementor-element.elementor-element-ae51e55 > .elementor-element-populated{padding:0px 0px 0px 0px;}.elementor-874 .elementor-element.elementor-element-728d09f0 .elementor-tab-title{font-size:var( --e-global-typography-6524214-font-size );line-height:var( --e-global-typography-6524214-line-height );letter-spacing:var( --e-global-typography-6524214-letter-spacing );}}<\/style>\t\t<div data-elementor-type=\"wp-page\" data-elementor-id=\"874\" class=\"elementor elementor-874\" data-elementor-post-type=\"page\">\n\t\t\t\t\t\t<section class=\"elementor-section elementor-top-section elementor-element elementor-element-c48fa8c elementor-section-boxed elementor-section-height-default elementor-section-height-default elementor-invisible\" data-id=\"c48fa8c\" data-element_type=\"section\" data-settings=\"{&quot;background_background&quot;:&quot;classic&quot;,&quot;animation&quot;:&quot;fadeIn&quot;}\">\n\t\t\t\t\t\t\t<div class=\"elementor-background-overlay\"><\/div>\n\t\t\t\t\t\t\t<div class=\"elementor-container elementor-column-gap-default\">\n\t\t\t\t\t<div class=\"elementor-column elementor-col-100 elementor-top-column elementor-element elementor-element-e791c9d\" data-id=\"e791c9d\" data-element_type=\"column\">\n\t\t\t<div class=\"elementor-widget-wrap elementor-element-populated\">\n\t\t\t\t\t\t<div class=\"elementor-element elementor-element-2badd01 elementor-invisible elementor-widget elementor-widget-heading\" data-id=\"2badd01\" data-element_type=\"widget\" data-settings=\"{&quot;_animation&quot;:&quot;fadeIn&quot;}\" data-widget_type=\"heading.default\">\n\t\t\t\t\t<h1 class=\"elementor-heading-title elementor-size-default\">Rekonstrukcija i modernizacija\n<\/h1>\t\t\t\t<\/div>\n\t\t\t\t<div class=\"elementor-element elementor-element-b9f6fee elementor-widget-divider--view-line elementor-invisible elementor-widget elementor-widget-divider\" data-id=\"b9f6fee\" data-element_type=\"widget\" data-settings=\"{&quot;_animation&quot;:&quot;fadeIn&quot;}\" data-widget_type=\"divider.default\">\n\t\t\t\t\t\t\t<div class=\"elementor-divider\">\n\t\t\t<span class=\"elementor-divider-separator\">\n\t\t\t\t\t\t<\/span>\n\t\t<\/div>\n\t\t\t\t\t\t<\/div>\n\t\t\t\t\t<\/div>\n\t\t<\/div>\n\t\t\t\t\t<\/div>\n\t\t<\/section>\n\t\t\t\t<section class=\"elementor-section elementor-top-section elementor-element elementor-element-6f2d304 elementor-section-boxed elementor-section-height-default elementor-section-height-default\" data-id=\"6f2d304\" data-element_type=\"section\">\n\t\t\t\t\t\t<div class=\"elementor-container elementor-column-gap-default\">\n\t\t\t\t\t<div class=\"elementor-column elementor-col-50 elementor-top-column elementor-element elementor-element-48d0465\" data-id=\"48d0465\" data-element_type=\"column\">\n\t\t\t<div class=\"elementor-widget-wrap elementor-element-populated\">\n\t\t\t\t\t\t<div class=\"elementor-element elementor-element-41543ac elementor-widget__width-auto elementor-invisible elementor-widget elementor-widget-heading\" data-id=\"41543ac\" data-element_type=\"widget\" data-settings=\"{&quot;_animation&quot;:&quot;fadeIn&quot;}\" data-widget_type=\"heading.default\">\n\t\t\t\t\t<h6 class=\"elementor-heading-title elementor-size-default\">Rekonstrukcija i modernizacija\n<\/h6>\t\t\t\t<\/div>\n\t\t\t\t<div class=\"elementor-element elementor-element-fccfc7e elementor-widget__width-initial elementor-invisible elementor-widget elementor-widget-heading\" data-id=\"fccfc7e\" data-element_type=\"widget\" data-settings=\"{&quot;_animation&quot;:&quot;fadeIn&quot;}\" data-widget_type=\"heading.default\">\n\t\t\t\t\t<h1 class=\"elementor-heading-title elementor-size-default\">Produ\u017eite vijek trajanja va\u0161e opreme<\/h1>\t\t\t\t<\/div>\n\t\t\t\t<div class=\"elementor-element elementor-element-c3024ef elementor-invisible elementor-widget elementor-widget-text-editor\" data-id=\"c3024ef\" data-element_type=\"widget\" data-settings=\"{&quot;_animation&quot;:&quot;fadeIn&quot;}\" data-widget_type=\"text-editor.default\">\n\t\t\t\t\t\t\t\t\t<p data-start=\"415\" data-end=\"722\">Na\u0161e usluge <strong data-start=\"427\" data-end=\"484\">modernizacije i rekonstrukcije industrijskih dizalica<\/strong> obuhvataju sve faze unapre\u0111enja \u2013 od analize i planiranja do implementacije i tehni\u010dkog pregleda. Cilj nam je da produ\u017eimo radni vijek va\u0161e opreme, pove\u0107amo efikasnost, smanjimo tro\u0161kove odr\u017eavanja i osiguramo potpunu sigurnost u radu.<\/p><p data-start=\"724\" data-end=\"1085\">Koriste\u0107i vrhunske komponente renomiranih proizvo\u0111a\u010da kao \u0161to su <strong data-start=\"789\" data-end=\"852\">SWF GmbH, SEW Njema\u010dka, AKAPP-STEMMANN BV, Telecrane Italia<\/strong> i <strong data-start=\"855\" data-end=\"862\">HBC<\/strong>, pru\u017eamo <strong data-start=\"872\" data-end=\"921\">pouzdana rje\u0161enja prilago\u0111ena svakom klijentu<\/strong> i radnom okru\u017eenju. Na\u0161a rje\u0161enja ispunjavaju sve relevantne <strong data-start=\"983\" data-end=\"1022\">EU standarde kvaliteta i sigurnosti<\/strong>, \u010dime garantujemo stabilan i bezbjedan rad dizali\u010dnih sistema.<\/p>\t\t\t\t\t\t\t\t<\/div>\n\t\t\t\t\t<\/div>\n\t\t<\/div>\n\t\t\t\t<div class=\"elementor-column elementor-col-50 elementor-top-column elementor-element elementor-element-ae51e55\" data-id=\"ae51e55\" data-element_type=\"column\">\n\t\t\t<div class=\"elementor-widget-wrap elementor-element-populated\">\n\t\t\t\t\t\t<div class=\"elementor-element elementor-element-38895ca elementor-invisible elementor-widget elementor-widget-image\" data-id=\"38895ca\" data-element_type=\"widget\" data-settings=\"{&quot;_animation&quot;:&quot;fadeIn&quot;}\" data-widget_type=\"image.default\">\n\t\t\t\t\t\t\t\t\t\t\t\t\t\t\t<img fetchpriority=\"high\" decoding=\"async\" width=\"1000\" height=\"1000\" src=\"https:\/\/kranex.ba\/wp-content\/uploads\/2025\/10\/rekonstrukcija.jpg\" class=\"attachment-full size-full wp-image-877\" alt=\"\" srcset=\"https:\/\/kranex.ba\/wp-content\/uploads\/2025\/10\/rekonstrukcija.jpg 1000w, https:\/\/kranex.ba\/wp-content\/uploads\/2025\/10\/rekonstrukcija-300x300.jpg 300w, https:\/\/kranex.ba\/wp-content\/uploads\/2025\/10\/rekonstrukcija-150x150.jpg 150w, https:\/\/kranex.ba\/wp-content\/uploads\/2025\/10\/rekonstrukcija-768x768.jpg 768w\" sizes=\"(max-width: 1000px) 100vw, 1000px\" \/>\t\t\t\t\t\t\t\t\t\t\t\t\t\t\t<\/div>\n\t\t\t\t\t<\/div>\n\t\t<\/div>\n\t\t\t\t\t<\/div>\n\t\t<\/section>\n\t\t\t\t<section class=\"elementor-section elementor-top-section elementor-element elementor-element-66dc9426 elementor-section-boxed elementor-section-height-default elementor-section-height-default\" data-id=\"66dc9426\" data-element_type=\"section\">\n\t\t\t\t\t\t<div class=\"elementor-container elementor-column-gap-default\">\n\t\t\t\t\t<div class=\"elementor-column elementor-col-100 elementor-top-column elementor-element elementor-element-3f94084\" data-id=\"3f94084\" data-element_type=\"column\">\n\t\t\t<div class=\"elementor-widget-wrap elementor-element-populated\">\n\t\t\t\t\t\t<div class=\"elementor-element elementor-element-728d09f0 elementor-tabs-alignment-center elementor-tabs-view-horizontal elementor-invisible elementor-widget elementor-widget-tabs\" data-id=\"728d09f0\" data-element_type=\"widget\" data-settings=\"{&quot;_animation&quot;:&quot;fadeIn&quot;}\" data-widget_type=\"tabs.default\">\n\t\t\t\t\t\t\t<div class=\"elementor-tabs\">\n\t\t\t<div class=\"elementor-tabs-wrapper\" role=\"tablist\" >\n\t\t\t\t\t\t\t\t\t<div id=\"elementor-tab-title-1921\" class=\"elementor-tab-title elementor-tab-desktop-title\" aria-selected=\"true\" data-tab=\"1\" role=\"tab\" tabindex=\"0\" aria-controls=\"elementor-tab-content-1921\" aria-expanded=\"false\">Rekonstrukcija<\/div>\n\t\t\t\t\t\t\t\t\t<div id=\"elementor-tab-title-1922\" class=\"elementor-tab-title elementor-tab-desktop-title\" aria-selected=\"false\" data-tab=\"2\" role=\"tab\" tabindex=\"-1\" aria-controls=\"elementor-tab-content-1922\" aria-expanded=\"false\">Modernizacija<\/div>\n\t\t\t\t\t\t\t<\/div>\n\t\t\t<div class=\"elementor-tabs-content-wrapper\" role=\"tablist\" aria-orientation=\"vertical\">\n\t\t\t\t\t\t\t\t\t<div class=\"elementor-tab-title elementor-tab-mobile-title\" aria-selected=\"true\" data-tab=\"1\" role=\"tab\" tabindex=\"0\" aria-controls=\"elementor-tab-content-1921\" aria-expanded=\"false\">Rekonstrukcija<\/div>\n\t\t\t\t\t<div id=\"elementor-tab-content-1921\" class=\"elementor-tab-content elementor-clearfix\" data-tab=\"1\" role=\"tabpanel\" aria-labelledby=\"elementor-tab-title-1921\" tabindex=\"0\" hidden=\"false\"><p data-start=\"1999\" data-end=\"2176\">Rekonstrukcija podrazumijeva <strong data-start=\"2028\" data-end=\"2100\">zamjenu, modifikaciju i prilago\u0111avanje klju\u010dnih tehni\u010dkih komponenti<\/strong> dizalice s ciljem pobolj\u0161anja performansi i sigurnosti. Proces uklju\u010duje:<\/p><ul data-start=\"2177\" data-end=\"2323\"><li data-start=\"2177\" data-end=\"2224\"><p data-start=\"2179\" data-end=\"2224\">Prilago\u0111avanje nosivosti i raspona dizalice<\/p><\/li><li data-start=\"2225\" data-end=\"2264\"><p data-start=\"2227\" data-end=\"2264\">Promjenu izvedbe mosta i kolosijeka<\/p><\/li><li data-start=\"2265\" data-end=\"2323\"><p data-start=\"2267\" data-end=\"2323\">Tehni\u010dku prilagodbu prema novim proizvodnim zahtjevima<\/p><\/li><\/ul><p data-start=\"2325\" data-end=\"2647\">Tokom rekonstrukcije izra\u0111ujemo preciznu <strong data-start=\"2366\" data-end=\"2405\">projektnu i izvedbenu dokumentaciju<\/strong>, koja osigurava da svaka intervencija u potpunosti odgovara tehni\u010dkom stanju opreme.<br data-start=\"2490\" data-end=\"2493\" \/>Na\u0161 cilj je da modernizacijom i rekonstrukcijom postignemo <strong data-start=\"2552\" data-end=\"2599\">maksimalnu efikasnost, trajnost i sigurnost<\/strong>, \u010dine\u0107i va\u0161u opremu spremnom za budu\u0107e izazove.<\/p><\/div>\n\t\t\t\t\t\t\t\t\t<div class=\"elementor-tab-title elementor-tab-mobile-title\" aria-selected=\"false\" data-tab=\"2\" role=\"tab\" tabindex=\"-1\" aria-controls=\"elementor-tab-content-1922\" aria-expanded=\"false\">Modernizacija<\/div>\n\t\t\t\t\t<div id=\"elementor-tab-content-1922\" class=\"elementor-tab-content elementor-clearfix\" data-tab=\"2\" role=\"tabpanel\" aria-labelledby=\"elementor-tab-title-1922\" tabindex=\"0\" hidden=\"hidden\"><p data-start=\"1112\" data-end=\"1437\">U okviru usluge <strong data-start=\"1128\" data-end=\"1154\">modernizacije dizalica<\/strong>, vr\u0161imo detaljnu tehni\u010dku analizu postoje\u0107eg sistema kako bismo identifikovali potencijalne nedostatke i potrebe za unapre\u0111enjem. Na osnovu dobijenih rezultata izra\u0111ujemo plan, vr\u0161imo prora\u010dune i nabavku potrebne opreme, a zatim realizujemo proces ugradnje i tehni\u010dkog testiranja.<\/p><p data-start=\"1439\" data-end=\"1763\">Modernizacija uklju\u010duje ugradnju <strong data-start=\"1472\" data-end=\"1540\">novih ma\u010dki-vitlova, lanaca i pogona sa frekventnim regulatorima<\/strong>, \u010dime se posti\u017ee stabilniji rad, precizno pozicioniranje tereta i zna\u010dajno smanjenje tro\u0161kova odr\u017eavanja. Tako\u0111er, ugradnja <strong data-start=\"1665\" data-end=\"1708\">radio i daljinskih upravlja\u010dkih sistema<\/strong> omogu\u0107ava ve\u0107u fleksibilnost i sigurnost tokom rada.<\/p><p data-start=\"1765\" data-end=\"1971\">Dodatno, integracijom opreme poput <strong data-start=\"1800\" data-end=\"1872\">magneta, hvataljki, vakuumskih nosa\u010da i kontrolnih sistema napajanja<\/strong>, obezbje\u0111ujemo potpunu prilagodljivost i optimalne performanse dizalice u svakom radnom okru\u017eenju.<\/p><\/div>\n\t\t\t\t\t\t\t<\/div>\n\t\t<\/div>\n\t\t\t\t\t\t<\/div>\n\t\t\t\t\t<\/div>\n\t\t<\/div>\n\t\t\t\t\t<\/div>\n\t\t<\/section>\n\t\t\t\t<\/div>\n\t\t","protected":false},"excerpt":{"rendered":"<p>Rekonstrukcija i modernizacija Rekonstrukcija i modernizacija Produ\u017eite vijek trajanja va\u0161e opreme Na\u0161e usluge modernizacije i rekonstrukcije industrijskih dizalica obuhvataju sve faze unapre\u0111enja \u2013 od analize i planiranja do implementacije i tehni\u010dkog pregleda. Cilj nam je da produ\u017eimo radni vijek va\u0161e opreme, pove\u0107amo efikasnost, smanjimo tro\u0161kove odr\u017eavanja i osiguramo potpunu sigurnost u radu. Koriste\u0107i vrhunske komponente [&hellip;]<\/p>\n","protected":false},"author":1,"featured_media":0,"parent":0,"menu_order":0,"comment_status":"closed","ping_status":"closed","template":"elementor_header_footer","meta":{"footnotes":""},"class_list":["post-874","page","type-page","status-publish","hentry"],"_links":{"self":[{"href":"https:\/\/kranex.ba\/index.php\/wp-json\/wp\/v2\/pages\/874","targetHints":{"allow":["GET"]}}],"collection":[{"href":"https:\/\/kranex.ba\/index.php\/wp-json\/wp\/v2\/pages"}],"about":[{"href":"https:\/\/kranex.ba\/index.php\/wp-json\/wp\/v2\/types\/page"}],"author":[{"embeddable":true,"href":"https:\/\/kranex.ba\/index.php\/wp-json\/wp\/v2\/users\/1"}],"replies":[{"embeddable":true,"href":"https:\/\/kranex.ba\/index.php\/wp-json\/wp\/v2\/comments?post=874"}],"version-history":[{"count":10,"href":"https:\/\/kranex.ba\/index.php\/wp-json\/wp\/v2\/pages\/874\/revisions"}],"predecessor-version":[{"id":886,"href":"https:\/\/kranex.ba\/index.php\/wp-json\/wp\/v2\/pages\/874\/revisions\/886"}],"wp:attachment":[{"href":"https:\/\/kranex.ba\/index.php\/wp-json\/wp\/v2\/media?parent=874"}],"curies":[{"name":"wp","href":"https:\/\/api.w.org\/{rel}","templated":true}]}}