{"id":861,"date":"2025-10-15T12:18:37","date_gmt":"2025-10-15T10:18:37","guid":{"rendered":"https:\/\/kranex.ba\/?page_id=861"},"modified":"2025-10-15T12:38:15","modified_gmt":"2025-10-15T10:38:15","slug":"servis-rezervni-dijelovi","status":"publish","type":"page","link":"https:\/\/kranex.ba\/index.php\/servis-rezervni-dijelovi\/","title":{"rendered":"Servis &#8211; rezervni dijelovi"},"content":{"rendered":"<style>.elementor-861 .elementor-element.elementor-element-e24a47d:not(.elementor-motion-effects-element-type-background), .elementor-861 .elementor-element.elementor-element-e24a47d > .elementor-motion-effects-container > .elementor-motion-effects-layer{background-image:url(\"https:\/\/kranex.ba\/wp-content\/uploads\/2025\/10\/7-4.jpg\");background-position:center center;background-repeat:no-repeat;background-size:cover;}.elementor-861 .elementor-element.elementor-element-e24a47d > .elementor-background-overlay{background-color:var( --e-global-color-cb4193c );opacity:0.75;transition:background 0.3s, border-radius 0.3s, opacity 0.3s;}.elementor-861 .elementor-element.elementor-element-e24a47d{transition:background 0.3s, border 0.3s, border-radius 0.3s, box-shadow 0.3s;margin-top:-85px;margin-bottom:0px;padding:100px 0px 100px 0px;z-index:1;}.elementor-861 .elementor-element.elementor-element-f852be4 > .elementor-element-populated{padding:10% 20% 0% 0%;}.elementor-861 .elementor-element.elementor-element-7cd4f4c .elementor-heading-title{font-family:\"Epilogue\", Sans-serif;font-size:52px;font-weight:600;line-height:88px;letter-spacing:-1.5px;color:var( --e-global-color-text );}.elementor-861 .elementor-element.elementor-element-6aeaf5d{--divider-border-style:solid;--divider-color:var( --e-global-color-eee846c );--divider-border-width:1px;}.elementor-861 .elementor-element.elementor-element-6aeaf5d .elementor-divider-separator{width:100%;}.elementor-861 .elementor-element.elementor-element-6aeaf5d .elementor-divider{padding-block-start:2px;padding-block-end:2px;}.elementor-861 .elementor-element.elementor-element-4a418a5d{padding:100px 0px 100px 0px;}.elementor-bc-flex-widget .elementor-861 .elementor-element.elementor-element-6b24cfbc.elementor-column .elementor-widget-wrap{align-items:center;}.elementor-861 .elementor-element.elementor-element-6b24cfbc.elementor-column.elementor-element[data-element_type=\"column\"] > .elementor-widget-wrap.elementor-element-populated{align-content:center;align-items:center;}.elementor-861 .elementor-element.elementor-element-6b24cfbc > .elementor-element-populated{padding:0px 50px 0px 0px;}.elementor-861 .elementor-element.elementor-element-5ba5e44f{width:auto;max-width:auto;background-color:var( --e-global-color-primary );padding:4px 12px 4px 12px;}.elementor-861 .elementor-element.elementor-element-5ba5e44f .elementor-heading-title{color:var( --e-global-color-text );}.elementor-861 .elementor-element.elementor-element-293d88eb{margin:20px 0px calc(var(--kit-widget-spacing, 0px) + 0px) 0px;}.elementor-861 .elementor-element.elementor-element-293d88eb .elementor-heading-title{font-size:36px;line-height:44px;}.elementor-861 .elementor-element.elementor-element-3f0d38f8{text-align:justify;}.elementor-861 .elementor-element.elementor-element-3f0d38f8 p{margin-block-end:0px;}.elementor-861 .elementor-element.elementor-element-105896c1{padding:0px 0px 0px 40px;--e-icon-list-icon-size:16px;--icon-vertical-offset:0px;}.elementor-861 .elementor-element.elementor-element-105896c1 .elementor-icon-list-items:not(.elementor-inline-items) .elementor-icon-list-item:not(:last-child){padding-block-end:calc(5px\/2);}.elementor-861 .elementor-element.elementor-element-105896c1 .elementor-icon-list-items:not(.elementor-inline-items) .elementor-icon-list-item:not(:first-child){margin-block-start:calc(5px\/2);}.elementor-861 .elementor-element.elementor-element-105896c1 .elementor-icon-list-items.elementor-inline-items .elementor-icon-list-item{margin-inline:calc(5px\/2);}.elementor-861 .elementor-element.elementor-element-105896c1 .elementor-icon-list-items.elementor-inline-items{margin-inline:calc(-5px\/2);}.elementor-861 .elementor-element.elementor-element-105896c1 .elementor-icon-list-items.elementor-inline-items .elementor-icon-list-item:after{inset-inline-end:calc(-5px\/2);}.elementor-861 .elementor-element.elementor-element-105896c1 .elementor-icon-list-icon i{transition:color 0.3s;}.elementor-861 .elementor-element.elementor-element-105896c1 .elementor-icon-list-icon svg{transition:fill 0.3s;}.elementor-861 .elementor-element.elementor-element-105896c1 .elementor-icon-list-icon{padding-inline-end:10px;}.elementor-861 .elementor-element.elementor-element-105896c1 .elementor-icon-list-text{transition:color 0.3s;}.elementor-861 .elementor-element.elementor-element-554f8894 > .elementor-element-populated{padding:0px 0px 0px 50px;}.elementor-861 .elementor-element.elementor-element-78162d33{text-align:right;}@media(max-width:1024px){.elementor-861 .elementor-element.elementor-element-e24a47d{margin-top:-54px;margin-bottom:0px;padding:0px 20px 20px 20px;}.elementor-861 .elementor-element.elementor-element-f852be4 > .elementor-element-populated{padding:15% 8% 0% 0%;}.elementor-861 .elementor-element.elementor-element-7cd4f4c .elementor-heading-title{font-size:58px;line-height:68px;letter-spacing:-1px;}.elementor-861 .elementor-element.elementor-element-4a418a5d{padding:60px 20px 60px 20px;}.elementor-861 .elementor-element.elementor-element-6b24cfbc > .elementor-element-populated{padding:0px 40px 0px 0px;}.elementor-861 .elementor-element.elementor-element-554f8894 > .elementor-element-populated{padding:40px 0px 0px 40px;}}@media(max-width:767px){.elementor-861 .elementor-element.elementor-element-e24a47d:not(.elementor-motion-effects-element-type-background), .elementor-861 .elementor-element.elementor-element-e24a47d > .elementor-motion-effects-container > .elementor-motion-effects-layer{background-position:center center;}.elementor-861 .elementor-element.elementor-element-e24a47d{margin-top:-114px;margin-bottom:0px;padding:0px 20px 20px 20px;}.elementor-861 .elementor-element.elementor-element-f852be4 > .elementor-element-populated{padding:150px 0px 0px 0px;}.elementor-861 .elementor-element.elementor-element-7cd4f4c .elementor-heading-title{font-size:37px;line-height:44px;letter-spacing:0px;}.elementor-861 .elementor-element.elementor-element-4a418a5d{padding:40px 20px 40px 20px;}.elementor-861 .elementor-element.elementor-element-6b24cfbc > .elementor-element-populated{padding:0px 0px 40px 0px;}.elementor-861 .elementor-element.elementor-element-293d88eb .elementor-heading-title{font-size:29px;line-height:1.2em;}.elementor-861 .elementor-element.elementor-element-105896c1{padding:0px 0px 0px 0px;}.elementor-861 .elementor-element.elementor-element-554f8894 > .elementor-element-populated{padding:0px 0px 0px 0px;}}<\/style>\t\t<div data-elementor-type=\"wp-page\" data-elementor-id=\"861\" class=\"elementor elementor-861\" data-elementor-post-type=\"page\">\n\t\t\t\t\t\t<section class=\"elementor-section elementor-top-section elementor-element elementor-element-e24a47d elementor-section-boxed elementor-section-height-default elementor-section-height-default elementor-invisible\" data-id=\"e24a47d\" data-element_type=\"section\" data-settings=\"{&quot;background_background&quot;:&quot;classic&quot;,&quot;animation&quot;:&quot;fadeIn&quot;}\">\n\t\t\t\t\t\t\t<div class=\"elementor-background-overlay\"><\/div>\n\t\t\t\t\t\t\t<div class=\"elementor-container elementor-column-gap-default\">\n\t\t\t\t\t<div class=\"elementor-column elementor-col-100 elementor-top-column elementor-element elementor-element-f852be4\" data-id=\"f852be4\" data-element_type=\"column\">\n\t\t\t<div class=\"elementor-widget-wrap elementor-element-populated\">\n\t\t\t\t\t\t<div class=\"elementor-element elementor-element-7cd4f4c elementor-invisible elementor-widget elementor-widget-heading\" data-id=\"7cd4f4c\" data-element_type=\"widget\" data-settings=\"{&quot;_animation&quot;:&quot;fadeIn&quot;}\" data-widget_type=\"heading.default\">\n\t\t\t\t\t<h1 class=\"elementor-heading-title elementor-size-default\">Servis - rezervni dijelovi\n<\/h1>\t\t\t\t<\/div>\n\t\t\t\t<div class=\"elementor-element elementor-element-6aeaf5d elementor-widget-divider--view-line elementor-invisible elementor-widget elementor-widget-divider\" data-id=\"6aeaf5d\" data-element_type=\"widget\" data-settings=\"{&quot;_animation&quot;:&quot;fadeIn&quot;}\" data-widget_type=\"divider.default\">\n\t\t\t\t\t\t\t<div class=\"elementor-divider\">\n\t\t\t<span class=\"elementor-divider-separator\">\n\t\t\t\t\t\t<\/span>\n\t\t<\/div>\n\t\t\t\t\t\t<\/div>\n\t\t\t\t\t<\/div>\n\t\t<\/div>\n\t\t\t\t\t<\/div>\n\t\t<\/section>\n\t\t\t\t<section class=\"elementor-section elementor-top-section elementor-element elementor-element-4a418a5d elementor-section-boxed elementor-section-height-default elementor-section-height-default\" data-id=\"4a418a5d\" data-element_type=\"section\">\n\t\t\t\t\t\t<div class=\"elementor-container elementor-column-gap-default\">\n\t\t\t\t\t<div class=\"elementor-column elementor-col-50 elementor-top-column elementor-element elementor-element-6b24cfbc\" data-id=\"6b24cfbc\" data-element_type=\"column\">\n\t\t\t<div class=\"elementor-widget-wrap elementor-element-populated\">\n\t\t\t\t\t\t<div class=\"elementor-element elementor-element-5ba5e44f elementor-widget__width-auto elementor-invisible elementor-widget elementor-widget-heading\" data-id=\"5ba5e44f\" data-element_type=\"widget\" data-settings=\"{&quot;_animation&quot;:&quot;fadeIn&quot;}\" data-widget_type=\"heading.default\">\n\t\t\t\t\t<h6 class=\"elementor-heading-title elementor-size-default\">Servisne usluge<\/h6>\t\t\t\t<\/div>\n\t\t\t\t<div class=\"elementor-element elementor-element-293d88eb elementor-invisible elementor-widget elementor-widget-heading\" data-id=\"293d88eb\" data-element_type=\"widget\" data-settings=\"{&quot;_animation&quot;:&quot;fadeIn&quot;}\" data-widget_type=\"heading.default\">\n\t\t\t\t\t<h1 class=\"elementor-heading-title elementor-size-default\">Pouzdano odr\u017eavanje industrijske opreme i dizalica<\/h1>\t\t\t\t<\/div>\n\t\t\t\t<div class=\"elementor-element elementor-element-3f0d38f8 elementor-invisible elementor-widget elementor-widget-text-editor\" data-id=\"3f0d38f8\" data-element_type=\"widget\" data-settings=\"{&quot;_animation&quot;:&quot;fadeIn&quot;}\" data-widget_type=\"text-editor.default\">\n\t\t\t\t\t\t\t\t\t<p data-start=\"130\" data-end=\"473\">Na\u0161 servis obezbje\u0111uje <strong data-start=\"153\" data-end=\"224\">kompletnu podr\u0161ku tokom cijelog \u017eivotnog vijeka industrijske opreme<\/strong>, osiguravaju\u0107i <strong data-start=\"240\" data-end=\"284\">kontinuitet rada, sigurnost i efikasnost<\/strong> u svim radnim uslovima. Fokusirani smo na <strong data-start=\"327\" data-end=\"396\">pravovremeno odr\u017eavanje, modernizaciju i brzo otklanjanje kvarova<\/strong>, \u010dime sprje\u010davamo neplanirane zastoje i produ\u017eavamo vijek trajanja opreme.<br \/><br \/><\/p><p data-start=\"475\" data-end=\"633\">Na\u0161a servisna slu\u017eba raspola\u017ee <strong data-start=\"506\" data-end=\"579\">kvalifikovanim tehni\u010darima, rezervnim dijelovima i servisnim vozilima<\/strong> spremnim za brzu intervenciju na terenu. Obavljamo:<\/p>\t\t\t\t\t\t\t\t<\/div>\n\t\t\t\t<div class=\"elementor-element elementor-element-105896c1 elementor-icon-list--layout-traditional elementor-list-item-link-full_width elementor-invisible elementor-widget elementor-widget-icon-list\" data-id=\"105896c1\" data-element_type=\"widget\" data-settings=\"{&quot;_animation&quot;:&quot;fadeIn&quot;}\" data-widget_type=\"icon-list.default\">\n\t\t\t\t\t\t\t<ul class=\"elementor-icon-list-items\">\n\t\t\t\t\t\t\t<li class=\"elementor-icon-list-item\">\n\t\t\t\t\t\t\t\t\t\t\t<span class=\"elementor-icon-list-icon\">\n\t\t\t\t\t\t\t<i aria-hidden=\"true\" class=\"icon icon-right-arrow\"><\/i>\t\t\t\t\t\t<\/span>\n\t\t\t\t\t\t\t\t\t\t<span class=\"elementor-icon-list-text\">Servisiranje ma\u0161inske i elektro opreme<\/span>\n\t\t\t\t\t\t\t\t\t<\/li>\n\t\t\t\t\t\t\t\t<li class=\"elementor-icon-list-item\">\n\t\t\t\t\t\t\t\t\t\t\t<span class=\"elementor-icon-list-icon\">\n\t\t\t\t\t\t\t<i aria-hidden=\"true\" class=\"icon icon-right-arrow\"><\/i>\t\t\t\t\t\t<\/span>\n\t\t\t\t\t\t\t\t\t\t<span class=\"elementor-icon-list-text\">Rekonstrukciju i modernizaciju dizali\u010dnih sistema<\/span>\n\t\t\t\t\t\t\t\t\t<\/li>\n\t\t\t\t\t\t\t\t<li class=\"elementor-icon-list-item\">\n\t\t\t\t\t\t\t\t\t\t\t<span class=\"elementor-icon-list-icon\">\n\t\t\t\t\t\t\t<i aria-hidden=\"true\" class=\"icon icon-right-arrow\"><\/i>\t\t\t\t\t\t<\/span>\n\t\t\t\t\t\t\t\t\t\t<span class=\"elementor-icon-list-text\">Zamjenu elektro napajanja i upravlja\u010dkih sistema<\/span>\n\t\t\t\t\t\t\t\t\t<\/li>\n\t\t\t\t\t\t\t\t<li class=\"elementor-icon-list-item\">\n\t\t\t\t\t\t\t\t\t\t\t<span class=\"elementor-icon-list-icon\">\n\t\t\t\t\t\t\t<i aria-hidden=\"true\" class=\"icon icon-right-arrow\"><\/i>\t\t\t\t\t\t<\/span>\n\t\t\t\t\t\t\t\t\t\t<span class=\"elementor-icon-list-text\">Ugradnju i pode\u0161avanje sistema daljinskog (radijskog) upravljanja<\/span>\n\t\t\t\t\t\t\t\t\t<\/li>\n\t\t\t\t\t\t<\/ul>\n\t\t\t\t\t\t<\/div>\n\t\t\t\t\t<\/div>\n\t\t<\/div>\n\t\t\t\t<div class=\"elementor-column elementor-col-50 elementor-top-column elementor-element elementor-element-554f8894\" data-id=\"554f8894\" data-element_type=\"column\">\n\t\t\t<div class=\"elementor-widget-wrap elementor-element-populated\">\n\t\t\t\t\t\t<div class=\"elementor-element elementor-element-78162d33 elementor-invisible elementor-widget elementor-widget-image\" data-id=\"78162d33\" data-element_type=\"widget\" data-settings=\"{&quot;_animation&quot;:&quot;fadeIn&quot;}\" data-widget_type=\"image.default\">\n\t\t\t\t\t\t\t\t\t\t\t\t\t\t\t<img fetchpriority=\"high\" decoding=\"async\" width=\"1000\" height=\"1200\" src=\"https:\/\/kranex.ba\/wp-content\/uploads\/2025\/10\/servis.jpg\" class=\"attachment-full size-full wp-image-870\" alt=\"\" srcset=\"https:\/\/kranex.ba\/wp-content\/uploads\/2025\/10\/servis.jpg 1000w, https:\/\/kranex.ba\/wp-content\/uploads\/2025\/10\/servis-250x300.jpg 250w, https:\/\/kranex.ba\/wp-content\/uploads\/2025\/10\/servis-853x1024.jpg 853w, https:\/\/kranex.ba\/wp-content\/uploads\/2025\/10\/servis-768x922.jpg 768w\" sizes=\"(max-width: 1000px) 100vw, 1000px\" \/>\t\t\t\t\t\t\t\t\t\t\t\t\t\t\t<\/div>\n\t\t\t\t\t<\/div>\n\t\t<\/div>\n\t\t\t\t\t<\/div>\n\t\t<\/section>\n\t\t\t\t<\/div>\n\t\t","protected":false},"excerpt":{"rendered":"<p>Servis &#8211; rezervni dijelovi Servisne usluge Pouzdano odr\u017eavanje industrijske opreme i dizalica Na\u0161 servis obezbje\u0111uje kompletnu podr\u0161ku tokom cijelog \u017eivotnog vijeka industrijske opreme, osiguravaju\u0107i kontinuitet rada, sigurnost i efikasnost u svim radnim uslovima. Fokusirani smo na pravovremeno odr\u017eavanje, modernizaciju i brzo otklanjanje kvarova, \u010dime sprje\u010davamo neplanirane zastoje i produ\u017eavamo vijek trajanja opreme. Na\u0161a servisna slu\u017eba [&hellip;]<\/p>\n","protected":false},"author":1,"featured_media":0,"parent":0,"menu_order":0,"comment_status":"closed","ping_status":"closed","template":"elementor_header_footer","meta":{"footnotes":""},"class_list":["post-861","page","type-page","status-publish","hentry"],"_links":{"self":[{"href":"https:\/\/kranex.ba\/index.php\/wp-json\/wp\/v2\/pages\/861","targetHints":{"allow":["GET"]}}],"collection":[{"href":"https:\/\/kranex.ba\/index.php\/wp-json\/wp\/v2\/pages"}],"about":[{"href":"https:\/\/kranex.ba\/index.php\/wp-json\/wp\/v2\/types\/page"}],"author":[{"embeddable":true,"href":"https:\/\/kranex.ba\/index.php\/wp-json\/wp\/v2\/users\/1"}],"replies":[{"embeddable":true,"href":"https:\/\/kranex.ba\/index.php\/wp-json\/wp\/v2\/comments?post=861"}],"version-history":[{"count":7,"href":"https:\/\/kranex.ba\/index.php\/wp-json\/wp\/v2\/pages\/861\/revisions"}],"predecessor-version":[{"id":873,"href":"https:\/\/kranex.ba\/index.php\/wp-json\/wp\/v2\/pages\/861\/revisions\/873"}],"wp:attachment":[{"href":"https:\/\/kranex.ba\/index.php\/wp-json\/wp\/v2\/media?parent=861"}],"curies":[{"name":"wp","href":"https:\/\/api.w.org\/{rel}","templated":true}]}}