{"id":340,"date":"2025-10-14T08:42:34","date_gmt":"2025-10-14T06:42:34","guid":{"rendered":"https:\/\/kranex.ba\/?page_id=340"},"modified":"2025-10-14T13:20:01","modified_gmt":"2025-10-14T11:20:01","slug":"kontakt","status":"publish","type":"page","link":"https:\/\/kranex.ba\/index.php\/kontakt\/","title":{"rendered":"Kontakt"},"content":{"rendered":"<style>.elementor-340 .elementor-element.elementor-element-5eda498f:not(.elementor-motion-effects-element-type-background), .elementor-340 .elementor-element.elementor-element-5eda498f > .elementor-motion-effects-container > .elementor-motion-effects-layer{background-image:url(\"https:\/\/kranex.ba\/wp-content\/uploads\/2025\/10\/naslovna.jpg\");background-position:top center;background-repeat:no-repeat;background-size:cover;}.elementor-340 .elementor-element.elementor-element-5eda498f > .elementor-background-overlay{background-color:var( --e-global-color-cb4193c );opacity:0.75;transition:background 0.3s, border-radius 0.3s, opacity 0.3s;}.elementor-340 .elementor-element.elementor-element-5eda498f{transition:background 0.3s, border 0.3s, border-radius 0.3s, box-shadow 0.3s;margin-top:-85px;margin-bottom:0px;padding:100px 0px 100px 0px;z-index:1;}.elementor-340 .elementor-element.elementor-element-1d411d2b > .elementor-element-populated{padding:10% 20% 0% 0%;}.elementor-340 .elementor-element.elementor-element-58204a02 .elementor-heading-title{color:var( --e-global-color-text );}.elementor-340 .elementor-element.elementor-element-9c906dc{--divider-border-style:solid;--divider-color:var( --e-global-color-eee846c );--divider-border-width:1px;}.elementor-340 .elementor-element.elementor-element-9c906dc .elementor-divider-separator{width:100%;}.elementor-340 .elementor-element.elementor-element-9c906dc .elementor-divider{padding-block-start:2px;padding-block-end:2px;}.elementor-340 .elementor-element.elementor-element-933b233:not(.elementor-motion-effects-element-type-background), .elementor-340 .elementor-element.elementor-element-933b233 > .elementor-motion-effects-container > .elementor-motion-effects-layer{background-color:var( --e-global-color-eee846c );}.elementor-340 .elementor-element.elementor-element-933b233 > .elementor-container{max-width:1300px;}.elementor-340 .elementor-element.elementor-element-933b233{transition:background 0.3s, border 0.3s, border-radius 0.3s, box-shadow 0.3s;padding:0px 0px 0px 0px;}.elementor-340 .elementor-element.elementor-element-933b233 > .elementor-background-overlay{transition:background 0.3s, border-radius 0.3s, opacity 0.3s;}.elementor-340 .elementor-element.elementor-element-4a58c770 > .elementor-element-populated{padding:80px 80px 80px 80px;}.elementor-340 .elementor-element.elementor-element-1a99d2ca{padding:0px 0px 0px 0px;}.elementor-340 .elementor-element.elementor-element-f95de11 .elementor-field-group{padding-right:calc( 10px\/2 );padding-left:calc( 10px\/2 );margin-bottom:10px;}.elementor-340 .elementor-element.elementor-element-f95de11 .elementor-form-fields-wrapper{margin-left:calc( -10px\/2 );margin-right:calc( -10px\/2 );margin-bottom:-10px;}.elementor-340 .elementor-element.elementor-element-f95de11 .elementor-field-group.recaptcha_v3-bottomleft, .elementor-340 .elementor-element.elementor-element-f95de11 .elementor-field-group.recaptcha_v3-bottomright{margin-bottom:0;}body.rtl .elementor-340 .elementor-element.elementor-element-f95de11 .elementor-labels-inline .elementor-field-group > label{padding-left:0px;}body:not(.rtl) .elementor-340 .elementor-element.elementor-element-f95de11 .elementor-labels-inline .elementor-field-group > label{padding-right:0px;}body .elementor-340 .elementor-element.elementor-element-f95de11 .elementor-labels-above .elementor-field-group > label{padding-bottom:0px;}.elementor-340 .elementor-element.elementor-element-f95de11 .elementor-field-type-html{padding-bottom:0px;color:var( --e-global-color-cb4193c );}.elementor-340 .elementor-element.elementor-element-f95de11 .elementor-field-group .elementor-field{color:var( --e-global-color-cb4193c );}.elementor-340 .elementor-element.elementor-element-f95de11 .elementor-field-group .elementor-field:not(.elementor-select-wrapper){background-color:#ffffff;border-width:0px 0px 0px 0px;}.elementor-340 .elementor-element.elementor-element-f95de11 .elementor-field-group .elementor-select-wrapper select{background-color:#ffffff;border-width:0px 0px 0px 0px;}.elementor-340 .elementor-element.elementor-element-f95de11 .e-form__buttons__wrapper__button-next{color:#ffffff;}.elementor-340 .elementor-element.elementor-element-f95de11 .elementor-button[type=\"submit\"]{color:#ffffff;}.elementor-340 .elementor-element.elementor-element-f95de11 .elementor-button[type=\"submit\"] svg *{fill:#ffffff;}.elementor-340 .elementor-element.elementor-element-f95de11 .e-form__buttons__wrapper__button-previous{color:#ffffff;}.elementor-340 .elementor-element.elementor-element-f95de11 .e-form__buttons__wrapper__button-next:hover{color:#ffffff;}.elementor-340 .elementor-element.elementor-element-f95de11 .elementor-button[type=\"submit\"]:hover{color:#ffffff;}.elementor-340 .elementor-element.elementor-element-f95de11 .elementor-button[type=\"submit\"]:hover svg *{fill:#ffffff;}.elementor-340 .elementor-element.elementor-element-f95de11 .e-form__buttons__wrapper__button-previous:hover{color:#ffffff;}.elementor-340 .elementor-element.elementor-element-f95de11{--e-form-steps-indicators-spacing:20px;--e-form-steps-indicator-padding:30px;--e-form-steps-indicator-inactive-secondary-color:#ffffff;--e-form-steps-indicator-active-secondary-color:#ffffff;--e-form-steps-indicator-completed-secondary-color:#ffffff;--e-form-steps-divider-width:1px;--e-form-steps-divider-gap:10px;}.elementor-340 .elementor-element.elementor-element-36886b3a > .elementor-element-populated{padding:0px 0px 0px 0px;}.elementor-340 .elementor-element.elementor-element-48114160 iframe{height:780px;}@media(max-width:1024px){.elementor-340 .elementor-element.elementor-element-5eda498f{margin-top:-54px;margin-bottom:0px;padding:0px 20px 20px 20px;}.elementor-340 .elementor-element.elementor-element-1d411d2b > .elementor-element-populated{padding:15% 8% 0% 0%;}.elementor-340 .elementor-element.elementor-element-4a58c770 > .elementor-element-populated{padding:40px 20px 40px 20px;}.elementor-340 .elementor-element.elementor-element-48114160 iframe{height:650px;}}@media(max-width:767px){.elementor-340 .elementor-element.elementor-element-5eda498f:not(.elementor-motion-effects-element-type-background), .elementor-340 .elementor-element.elementor-element-5eda498f > .elementor-motion-effects-container > .elementor-motion-effects-layer{background-position:center center;}.elementor-340 .elementor-element.elementor-element-5eda498f{margin-top:-114px;margin-bottom:0px;padding:0px 20px 20px 20px;}.elementor-340 .elementor-element.elementor-element-1d411d2b > .elementor-element-populated{padding:150px 0px 0px 0px;}.elementor-340 .elementor-element.elementor-element-933b233{padding:0px 0px 0px 0px;}.elementor-340 .elementor-element.elementor-element-4a58c770 > .elementor-element-populated{padding:40px 20px 40px 20px;}.elementor-340 .elementor-element.elementor-element-48114160 iframe{height:450px;}}<\/style>\t\t<div data-elementor-type=\"wp-page\" data-elementor-id=\"340\" class=\"elementor elementor-340\" data-elementor-post-type=\"page\">\n\t\t\t\t\t\t<section class=\"elementor-section elementor-top-section elementor-element elementor-element-5eda498f elementor-section-boxed elementor-section-height-default elementor-section-height-default elementor-invisible\" data-id=\"5eda498f\" data-element_type=\"section\" data-settings=\"{&quot;background_background&quot;:&quot;classic&quot;,&quot;animation&quot;:&quot;fadeIn&quot;}\">\n\t\t\t\t\t\t\t<div class=\"elementor-background-overlay\"><\/div>\n\t\t\t\t\t\t\t<div class=\"elementor-container elementor-column-gap-default\">\n\t\t\t\t\t<div class=\"elementor-column elementor-col-100 elementor-top-column elementor-element elementor-element-1d411d2b\" data-id=\"1d411d2b\" data-element_type=\"column\">\n\t\t\t<div class=\"elementor-widget-wrap elementor-element-populated\">\n\t\t\t\t\t\t<div class=\"elementor-element elementor-element-58204a02 elementor-invisible elementor-widget elementor-widget-heading\" data-id=\"58204a02\" data-element_type=\"widget\" data-settings=\"{&quot;_animation&quot;:&quot;fadeIn&quot;}\" data-widget_type=\"heading.default\">\n\t\t\t\t\t<h1 class=\"elementor-heading-title elementor-size-default\">Kontakt<\/h1>\t\t\t\t<\/div>\n\t\t\t\t<div class=\"elementor-element elementor-element-9c906dc elementor-widget-divider--view-line elementor-invisible elementor-widget elementor-widget-divider\" data-id=\"9c906dc\" data-element_type=\"widget\" data-settings=\"{&quot;_animation&quot;:&quot;fadeIn&quot;}\" data-widget_type=\"divider.default\">\n\t\t\t\t\t\t\t<div class=\"elementor-divider\">\n\t\t\t<span class=\"elementor-divider-separator\">\n\t\t\t\t\t\t<\/span>\n\t\t<\/div>\n\t\t\t\t\t\t<\/div>\n\t\t\t\t\t<\/div>\n\t\t<\/div>\n\t\t\t\t\t<\/div>\n\t\t<\/section>\n\t\t\t\t<section class=\"elementor-section elementor-top-section elementor-element elementor-element-933b233 elementor-reverse-mobile elementor-section-boxed elementor-section-height-default elementor-section-height-default\" data-id=\"933b233\" data-element_type=\"section\" data-settings=\"{&quot;background_background&quot;:&quot;classic&quot;}\">\n\t\t\t\t\t\t<div class=\"elementor-container elementor-column-gap-default\">\n\t\t\t\t\t<div class=\"elementor-column elementor-col-50 elementor-top-column elementor-element elementor-element-4a58c770\" data-id=\"4a58c770\" data-element_type=\"column\">\n\t\t\t<div class=\"elementor-widget-wrap elementor-element-populated\">\n\t\t\t\t\t\t<div class=\"elementor-element elementor-element-95cde71 elementor-invisible elementor-widget elementor-widget-heading\" data-id=\"95cde71\" data-element_type=\"widget\" data-settings=\"{&quot;_animation&quot;:&quot;fadeIn&quot;}\" data-widget_type=\"heading.default\">\n\t\t\t\t\t<h3 class=\"elementor-heading-title elementor-size-default\">Kontaktirajte nas<\/h3>\t\t\t\t<\/div>\n\t\t\t\t<div class=\"elementor-element elementor-element-1a99d2ca elementor-invisible elementor-widget elementor-widget-text-editor\" data-id=\"1a99d2ca\" data-element_type=\"widget\" data-settings=\"{&quot;_animation&quot;:&quot;fadeIn&quot;}\" data-widget_type=\"text-editor.default\">\n\t\t\t\t\t\t\t\t\t<p>Na\u0161 tim stoji vam na raspolaganju za sva pitanja, savjete i tehni\u010dku podr\u0161ku u vezi s izborom i implementacijom industrijskih dizalica. <strong data-start=\"494\" data-end=\"515\">Kontaktirajte nas<\/strong> i saznajte kako vam <strong data-start=\"536\" data-end=\"546\">Kranex<\/strong> mo\u017ee pomo\u0107i da unaprijedite svoje poslovanje uz sigurna, pouzdana i dugoro\u010dno isplativa rje\u0161enja.<\/p>\t\t\t\t\t\t\t\t<\/div>\n\t\t\t\t<div class=\"elementor-element elementor-element-f95de11 elementor-button-align-stretch elementor-widget elementor-widget-form\" data-id=\"f95de11\" data-element_type=\"widget\" data-settings=\"{&quot;step_next_label&quot;:&quot;Next&quot;,&quot;step_previous_label&quot;:&quot;Previous&quot;,&quot;button_width&quot;:&quot;100&quot;,&quot;step_type&quot;:&quot;number_text&quot;,&quot;step_icon_shape&quot;:&quot;circle&quot;}\" data-widget_type=\"form.default\">\n\t\t\t\t\t\t\t<form class=\"elementor-form\" method=\"post\" name=\"New Form\" aria-label=\"New Form\">\n\t\t\t<input type=\"hidden\" name=\"post_id\" value=\"340\"\/>\n\t\t\t<input type=\"hidden\" name=\"form_id\" value=\"f95de11\"\/>\n\t\t\t<input type=\"hidden\" name=\"referer_title\" value=\"Kontakt\" \/>\n\n\t\t\t\t\t\t\t<input type=\"hidden\" name=\"queried_id\" value=\"340\"\/>\n\t\t\t\n\t\t\t<div class=\"elementor-form-fields-wrapper elementor-labels-above\">\n\t\t\t\t\t\t\t\t<div class=\"elementor-field-type-text elementor-field-group elementor-column elementor-field-group-name elementor-col-100\">\n\t\t\t\t\t\t\t\t\t\t\t\t\t<input size=\"1\" type=\"text\" name=\"form_fields[name]\" id=\"form-field-name\" class=\"elementor-field elementor-size-xs  elementor-field-textual\" placeholder=\"Ime i prezime\">\n\t\t\t\t\t\t\t\t\t\t\t<\/div>\n\t\t\t\t\t\t\t\t<div class=\"elementor-field-type-email elementor-field-group elementor-column elementor-field-group-email elementor-col-100\">\n\t\t\t\t\t\t\t\t\t\t\t\t\t<input size=\"1\" type=\"email\" name=\"form_fields[email]\" id=\"form-field-email\" class=\"elementor-field elementor-size-xs  elementor-field-textual\" placeholder=\"Email\">\n\t\t\t\t\t\t\t\t\t\t\t<\/div>\n\t\t\t\t\t\t\t\t<div class=\"elementor-field-type-textarea elementor-field-group elementor-column elementor-field-group-field_46ccba5 elementor-col-100\">\n\t\t\t\t\t<textarea class=\"elementor-field-textual elementor-field  elementor-size-xs\" name=\"form_fields[field_46ccba5]\" id=\"form-field-field_46ccba5\" rows=\"4\" placeholder=\"Poruka\"><\/textarea>\t\t\t\t<\/div>\n\t\t\t\t\t\t\t\t<div class=\"elementor-field-group elementor-column elementor-field-type-submit elementor-col-100 e-form__buttons\">\n\t\t\t\t\t<button class=\"elementor-button elementor-size-sm\" type=\"submit\">\n\t\t\t\t\t\t<span class=\"elementor-button-content-wrapper\">\n\t\t\t\t\t\t\t\t\t\t\t\t\t\t\t\t\t\t\t\t\t\t<span class=\"elementor-button-text\">Po\u0161alji<\/span>\n\t\t\t\t\t\t\t\t\t\t\t\t\t<\/span>\n\t\t\t\t\t<\/button>\n\t\t\t\t<\/div>\n\t\t\t<\/div>\n\t\t<\/form>\n\t\t\t\t\t\t<\/div>\n\t\t\t\t\t<\/div>\n\t\t<\/div>\n\t\t\t\t<div class=\"elementor-column elementor-col-50 elementor-top-column elementor-element elementor-element-36886b3a\" data-id=\"36886b3a\" data-element_type=\"column\">\n\t\t\t<div class=\"elementor-widget-wrap elementor-element-populated\">\n\t\t\t\t\t\t<div class=\"elementor-element elementor-element-48114160 elementor-invisible elementor-widget elementor-widget-google_maps\" data-id=\"48114160\" data-element_type=\"widget\" data-settings=\"{&quot;_animation&quot;:&quot;fadeIn&quot;}\" data-widget_type=\"google_maps.default\">\n\t\t\t\t\t\t\t<div class=\"elementor-custom-embed\">\n\t\t\t<iframe loading=\"lazy\"\n\t\t\t\t\tsrc=\"https:\/\/maps.google.com\/maps?q=Pijaca%20bb%2C%2075320%20Gra%C4%8Danica%2C%20Bosna%20i%20Hercegovina%2C%20Kranex&#038;t=m&#038;z=16&#038;output=embed&#038;iwloc=near\"\n\t\t\t\t\ttitle=\"Pijaca bb, 75320 Gra\u010danica, Bosna i Hercegovina, Kranex\"\n\t\t\t\t\taria-label=\"Pijaca bb, 75320 Gra\u010danica, Bosna i Hercegovina, Kranex\"\n\t\t\t><\/iframe>\n\t\t<\/div>\n\t\t\t\t\t\t<\/div>\n\t\t\t\t\t<\/div>\n\t\t<\/div>\n\t\t\t\t\t<\/div>\n\t\t<\/section>\n\t\t\t\t<\/div>\n\t\t","protected":false},"excerpt":{"rendered":"<p>Kontakt Kontaktirajte nas Na\u0161 tim stoji vam na raspolaganju za sva pitanja, savjete i tehni\u010dku podr\u0161ku u vezi s izborom i implementacijom industrijskih dizalica. Kontaktirajte nas i saznajte kako vam Kranex mo\u017ee pomo\u0107i da unaprijedite svoje poslovanje uz sigurna, pouzdana i dugoro\u010dno isplativa rje\u0161enja.<\/p>\n","protected":false},"author":1,"featured_media":0,"parent":0,"menu_order":0,"comment_status":"closed","ping_status":"closed","template":"elementor_header_footer","meta":{"footnotes":""},"class_list":["post-340","page","type-page","status-publish","hentry"],"_links":{"self":[{"href":"https:\/\/kranex.ba\/index.php\/wp-json\/wp\/v2\/pages\/340","targetHints":{"allow":["GET"]}}],"collection":[{"href":"https:\/\/kranex.ba\/index.php\/wp-json\/wp\/v2\/pages"}],"about":[{"href":"https:\/\/kranex.ba\/index.php\/wp-json\/wp\/v2\/types\/page"}],"author":[{"embeddable":true,"href":"https:\/\/kranex.ba\/index.php\/wp-json\/wp\/v2\/users\/1"}],"replies":[{"embeddable":true,"href":"https:\/\/kranex.ba\/index.php\/wp-json\/wp\/v2\/comments?post=340"}],"version-history":[{"count":16,"href":"https:\/\/kranex.ba\/index.php\/wp-json\/wp\/v2\/pages\/340\/revisions"}],"predecessor-version":[{"id":592,"href":"https:\/\/kranex.ba\/index.php\/wp-json\/wp\/v2\/pages\/340\/revisions\/592"}],"wp:attachment":[{"href":"https:\/\/kranex.ba\/index.php\/wp-json\/wp\/v2\/media?parent=340"}],"curies":[{"name":"wp","href":"https:\/\/api.w.org\/{rel}","templated":true}]}}